{"id":19269,"date":"2025-06-17T16:33:36","date_gmt":"2025-06-17T14:33:36","guid":{"rendered":"https:\/\/itos.es\/itos-new\/?post_type=product&#038;p=19269"},"modified":"2025-12-19T13:54:13","modified_gmt":"2025-12-19T12:54:13","slug":"fs-10","status":"publish","type":"product","link":"https:\/\/itos.es\/en\/tienda\/identificacion-automatica\/lectores-moviles\/fs-10\/","title":{"rendered":"FS-10"},"content":{"rendered":"<p>Esc\u00e1ner de c\u00f3digos de barras 1D y 2D, de tama\u00f1o mini, para montaje fijo en mostradores de establecimientos minoristas y restaurantes de servicio r\u00e1pido. De f\u00e1cil instalaci\u00f3n, el lector incorpora un sensor de imagen de alto rendimiento que garantiza el escaneo r\u00e1pido y preciso de los c\u00f3digos. El FS-10 posibilita, adem\u00e1s, la lectura de c\u00f3digos de barras con manos libres en tickets de comida y tarjetas de puntos, entre otros usos.<\/p>\n","protected":false},"excerpt":{"rendered":"<p>Esc\u00e1ner de c\u00f3digos de barras 1D y 2D, de tama\u00f1o mini, para montaje fijo en mostradores de establecimientos minoristas y restaurantes de servicio r\u00e1pido. De f\u00e1cil instalaci\u00f3n, el lector incorpora un sensor de imagen de alto rendimiento que garantiza el escaneo r\u00e1pido y preciso de los c\u00f3digos. El FS-10 posibilita, adem\u00e1s, la lectura de c\u00f3digos [&hellip;]<\/p>\n","protected":false},"featured_media":13955,"comment_status":"closed","ping_status":"closed","template":"","meta":{"inline_featured_image":false},"product_brand":[],"product_cat":[183,300],"product_tag":[],"class_list":{"0":"post-19269","1":"product","2":"type-product","3":"status-publish","4":"has-post-thumbnail","6":"product_cat-identificacion-automatica","7":"product_cat-lectores-moviles","9":"first","10":"instock","11":"shipping-taxable","12":"product-type-simple"},"yoast_head":"<!-- This site is optimized with the Yoast SEO Premium plugin v27.5 (Yoast SEO v27.5) - https:\/\/yoast.com\/product\/yoast-seo-premium-wordpress\/ -->\n<title>FS-10 - ITOS Technology<\/title>\n<meta name=\"robots\" content=\"noindex, nofollow\" \/>\n<meta property=\"og:locale\" content=\"en_US\" \/>\n<meta property=\"og:type\" content=\"article\" \/>\n<meta property=\"og:title\" content=\"FS-10\" \/>\n<meta property=\"og:description\" content=\"Esc\u00e1ner de c\u00f3digos de barras 1D y 2D, de tama\u00f1o mini, para montaje fijo en mostradores de establecimientos minoristas y restaurantes de servicio r\u00e1pido. De f\u00e1cil instalaci\u00f3n, el lector incorpora un sensor de imagen de alto rendimiento que garantiza el escaneo r\u00e1pido y preciso de los c\u00f3digos. El FS-10 posibilita, adem\u00e1s, la lectura de c\u00f3digos [&hellip;]\" \/>\n<meta property=\"og:url\" content=\"https:\/\/itos.es\/en\/tienda\/identificacion-automatica\/lectores-moviles\/fs-10\/\" \/>\n<meta property=\"og:site_name\" content=\"ITOS Technology\" \/>\n<meta property=\"article:modified_time\" content=\"2025-12-19T12:54:13+00:00\" \/>\n<meta property=\"og:image\" content=\"https:\/\/itos.es\/wp-content\/uploads\/2024\/02\/1_FS-10_NEW.png\" \/>\n\t<meta property=\"og:image:width\" content=\"835\" \/>\n\t<meta property=\"og:image:height\" content=\"672\" \/>\n\t<meta property=\"og:image:type\" content=\"image\/png\" \/>\n<meta name=\"twitter:card\" content=\"summary_large_image\" \/>\n<meta name=\"twitter:site\" content=\"@info_ITOS\" \/>\n<meta name=\"twitter:label1\" content=\"Est. reading time\" \/>\n\t<meta name=\"twitter:data1\" content=\"1 minute\" \/>\n<script type=\"application\/ld+json\" class=\"yoast-schema-graph\">{\"@context\":\"https:\\\/\\\/schema.org\",\"@graph\":[{\"@type\":\"WebPage\",\"@id\":\"https:\\\/\\\/itos.es\\\/en\\\/tienda\\\/identificacion-automatica\\\/lectores-moviles\\\/fs-10\\\/\",\"url\":\"https:\\\/\\\/itos.es\\\/en\\\/tienda\\\/identificacion-automatica\\\/lectores-moviles\\\/fs-10\\\/\",\"name\":\"FS-10 - ITOS Technology\",\"isPartOf\":{\"@id\":\"https:\\\/\\\/itos.es\\\/en\\\/#website\"},\"primaryImageOfPage\":{\"@id\":\"https:\\\/\\\/itos.es\\\/en\\\/tienda\\\/identificacion-automatica\\\/lectores-moviles\\\/fs-10\\\/#primaryimage\"},\"image\":{\"@id\":\"https:\\\/\\\/itos.es\\\/en\\\/tienda\\\/identificacion-automatica\\\/lectores-moviles\\\/fs-10\\\/#primaryimage\"},\"thumbnailUrl\":\"https:\\\/\\\/itos.es\\\/wp-content\\\/uploads\\\/2024\\\/02\\\/1_FS-10_NEW.png\",\"datePublished\":\"2025-06-17T14:33:36+00:00\",\"dateModified\":\"2025-12-19T12:54:13+00:00\",\"breadcrumb\":{\"@id\":\"https:\\\/\\\/itos.es\\\/en\\\/tienda\\\/identificacion-automatica\\\/lectores-moviles\\\/fs-10\\\/#breadcrumb\"},\"inLanguage\":\"en-US\",\"potentialAction\":[{\"@type\":\"ReadAction\",\"target\":[\"https:\\\/\\\/itos.es\\\/en\\\/tienda\\\/identificacion-automatica\\\/lectores-moviles\\\/fs-10\\\/\"]}]},{\"@type\":\"ImageObject\",\"inLanguage\":\"en-US\",\"@id\":\"https:\\\/\\\/itos.es\\\/en\\\/tienda\\\/identificacion-automatica\\\/lectores-moviles\\\/fs-10\\\/#primaryimage\",\"url\":\"https:\\\/\\\/itos.es\\\/wp-content\\\/uploads\\\/2024\\\/02\\\/1_FS-10_NEW.png\",\"contentUrl\":\"https:\\\/\\\/itos.es\\\/wp-content\\\/uploads\\\/2024\\\/02\\\/1_FS-10_NEW.png\",\"width\":\"835\",\"height\":\"672\"},{\"@type\":\"BreadcrumbList\",\"@id\":\"https:\\\/\\\/itos.es\\\/en\\\/tienda\\\/identificacion-automatica\\\/lectores-moviles\\\/fs-10\\\/#breadcrumb\",\"itemListElement\":[{\"@type\":\"ListItem\",\"position\":1,\"name\":\"Portada\",\"item\":\"https:\\\/\\\/itos.es\\\/en\\\/\"},{\"@type\":\"ListItem\",\"position\":2,\"name\":\"Products\",\"item\":\"https:\\\/\\\/itos.es\\\/en\\\/shop\\\/\"},{\"@type\":\"ListItem\",\"position\":3,\"name\":\"FS-10\"}]},{\"@type\":\"WebSite\",\"@id\":\"https:\\\/\\\/itos.es\\\/en\\\/#website\",\"url\":\"https:\\\/\\\/itos.es\\\/en\\\/\",\"name\":\"ITOS Technology\",\"description\":\"Pagos y AIDC\",\"publisher\":{\"@id\":\"https:\\\/\\\/itos.es\\\/en\\\/#organization\"},\"potentialAction\":[{\"@type\":\"SearchAction\",\"target\":{\"@type\":\"EntryPoint\",\"urlTemplate\":\"https:\\\/\\\/itos.es\\\/en\\\/?s={search_term_string}\"},\"query-input\":{\"@type\":\"PropertyValueSpecification\",\"valueRequired\":true,\"valueName\":\"search_term_string\"}}],\"inLanguage\":\"en-US\"},{\"@type\":\"Organization\",\"@id\":\"https:\\\/\\\/itos.es\\\/en\\\/#organization\",\"name\":\"Itos Technology, S.L.\",\"url\":\"https:\\\/\\\/itos.es\\\/en\\\/\",\"logo\":{\"@type\":\"ImageObject\",\"inLanguage\":\"en-US\",\"@id\":\"https:\\\/\\\/itos.es\\\/en\\\/#\\\/schema\\\/logo\\\/image\\\/\",\"url\":\"https:\\\/\\\/itos.es\\\/wp-content\\\/uploads\\\/2023\\\/05\\\/AZUL_R.svg\",\"contentUrl\":\"https:\\\/\\\/itos.es\\\/wp-content\\\/uploads\\\/2023\\\/05\\\/AZUL_R.svg\",\"caption\":\"Itos Technology, S.L.\"},\"image\":{\"@id\":\"https:\\\/\\\/itos.es\\\/en\\\/#\\\/schema\\\/logo\\\/image\\\/\"},\"sameAs\":[\"https:\\\/\\\/x.com\\\/info_ITOS\",\"https:\\\/\\\/es.linkedin.com\\\/company\\\/itos-technology-s.l.\"]}]}<\/script>\n<!-- \/ Yoast SEO Premium plugin. -->","yoast_head_json":{"title":"FS-10 - ITOS Technology","robots":{"index":"noindex","follow":"nofollow"},"og_locale":"en_US","og_type":"article","og_title":"FS-10","og_description":"Esc\u00e1ner de c\u00f3digos de barras 1D y 2D, de tama\u00f1o mini, para montaje fijo en mostradores de establecimientos minoristas y restaurantes de servicio r\u00e1pido. De f\u00e1cil instalaci\u00f3n, el lector incorpora un sensor de imagen de alto rendimiento que garantiza el escaneo r\u00e1pido y preciso de los c\u00f3digos. El FS-10 posibilita, adem\u00e1s, la lectura de c\u00f3digos [&hellip;]","og_url":"https:\/\/itos.es\/en\/tienda\/identificacion-automatica\/lectores-moviles\/fs-10\/","og_site_name":"ITOS Technology","article_modified_time":"2025-12-19T12:54:13+00:00","og_image":[{"width":835,"height":672,"url":"https:\/\/itos.es\/wp-content\/uploads\/2024\/02\/1_FS-10_NEW.png","type":"image\/png"}],"twitter_card":"summary_large_image","twitter_site":"@info_ITOS","twitter_misc":{"Est. reading time":"1 minute"},"schema":{"@context":"https:\/\/schema.org","@graph":[{"@type":"WebPage","@id":"https:\/\/itos.es\/en\/tienda\/identificacion-automatica\/lectores-moviles\/fs-10\/","url":"https:\/\/itos.es\/en\/tienda\/identificacion-automatica\/lectores-moviles\/fs-10\/","name":"FS-10 - ITOS Technology","isPartOf":{"@id":"https:\/\/itos.es\/en\/#website"},"primaryImageOfPage":{"@id":"https:\/\/itos.es\/en\/tienda\/identificacion-automatica\/lectores-moviles\/fs-10\/#primaryimage"},"image":{"@id":"https:\/\/itos.es\/en\/tienda\/identificacion-automatica\/lectores-moviles\/fs-10\/#primaryimage"},"thumbnailUrl":"https:\/\/itos.es\/wp-content\/uploads\/2024\/02\/1_FS-10_NEW.png","datePublished":"2025-06-17T14:33:36+00:00","dateModified":"2025-12-19T12:54:13+00:00","breadcrumb":{"@id":"https:\/\/itos.es\/en\/tienda\/identificacion-automatica\/lectores-moviles\/fs-10\/#breadcrumb"},"inLanguage":"en-US","potentialAction":[{"@type":"ReadAction","target":["https:\/\/itos.es\/en\/tienda\/identificacion-automatica\/lectores-moviles\/fs-10\/"]}]},{"@type":"ImageObject","inLanguage":"en-US","@id":"https:\/\/itos.es\/en\/tienda\/identificacion-automatica\/lectores-moviles\/fs-10\/#primaryimage","url":"https:\/\/itos.es\/wp-content\/uploads\/2024\/02\/1_FS-10_NEW.png","contentUrl":"https:\/\/itos.es\/wp-content\/uploads\/2024\/02\/1_FS-10_NEW.png","width":"835","height":"672"},{"@type":"BreadcrumbList","@id":"https:\/\/itos.es\/en\/tienda\/identificacion-automatica\/lectores-moviles\/fs-10\/#breadcrumb","itemListElement":[{"@type":"ListItem","position":1,"name":"Portada","item":"https:\/\/itos.es\/en\/"},{"@type":"ListItem","position":2,"name":"Products","item":"https:\/\/itos.es\/en\/shop\/"},{"@type":"ListItem","position":3,"name":"FS-10"}]},{"@type":"WebSite","@id":"https:\/\/itos.es\/en\/#website","url":"https:\/\/itos.es\/en\/","name":"ITOS Technology","description":"Pagos y AIDC","publisher":{"@id":"https:\/\/itos.es\/en\/#organization"},"potentialAction":[{"@type":"SearchAction","target":{"@type":"EntryPoint","urlTemplate":"https:\/\/itos.es\/en\/?s={search_term_string}"},"query-input":{"@type":"PropertyValueSpecification","valueRequired":true,"valueName":"search_term_string"}}],"inLanguage":"en-US"},{"@type":"Organization","@id":"https:\/\/itos.es\/en\/#organization","name":"Itos Technology, S.L.","url":"https:\/\/itos.es\/en\/","logo":{"@type":"ImageObject","inLanguage":"en-US","@id":"https:\/\/itos.es\/en\/#\/schema\/logo\/image\/","url":"https:\/\/itos.es\/wp-content\/uploads\/2023\/05\/AZUL_R.svg","contentUrl":"https:\/\/itos.es\/wp-content\/uploads\/2023\/05\/AZUL_R.svg","caption":"Itos Technology, S.L."},"image":{"@id":"https:\/\/itos.es\/en\/#\/schema\/logo\/image\/"},"sameAs":["https:\/\/x.com\/info_ITOS","https:\/\/es.linkedin.com\/company\/itos-technology-s.l."]}]}},"_links":{"self":[{"href":"https:\/\/itos.es\/en\/wp-json\/wp\/v2\/product\/19269","targetHints":{"allow":["GET"]}}],"collection":[{"href":"https:\/\/itos.es\/en\/wp-json\/wp\/v2\/product"}],"about":[{"href":"https:\/\/itos.es\/en\/wp-json\/wp\/v2\/types\/product"}],"replies":[{"embeddable":true,"href":"https:\/\/itos.es\/en\/wp-json\/wp\/v2\/comments?post=19269"}],"wp:featuredmedia":[{"embeddable":true,"href":"https:\/\/itos.es\/en\/wp-json\/wp\/v2\/media\/13955"}],"wp:attachment":[{"href":"https:\/\/itos.es\/en\/wp-json\/wp\/v2\/media?parent=19269"}],"wp:term":[{"taxonomy":"product_brand","embeddable":true,"href":"https:\/\/itos.es\/en\/wp-json\/wp\/v2\/product_brand?post=19269"},{"taxonomy":"product_cat","embeddable":true,"href":"https:\/\/itos.es\/en\/wp-json\/wp\/v2\/product_cat?post=19269"},{"taxonomy":"product_tag","embeddable":true,"href":"https:\/\/itos.es\/en\/wp-json\/wp\/v2\/product_tag?post=19269"}],"curies":[{"name":"wp","href":"https:\/\/api.w.org\/{rel}","templated":true}]}}