{"id":19258,"date":"2025-06-17T14:23:14","date_gmt":"2025-06-17T12:23:14","guid":{"rendered":"https:\/\/itos.es\/itos-new\/?post_type=product&#038;p=19258"},"modified":"2025-12-19T13:54:24","modified_gmt":"2025-12-19T12:54:24","slug":"dpp-450","status":"publish","type":"product","link":"https:\/\/itos.es\/en\/tienda\/identificacion-automatica\/impresoras-portatiles\/dpp-450\/","title":{"rendered":"DPP-450"},"content":{"rendered":"<p>Impresora rugerizada<\/p>\n<p>La impresora DPP-450 presenta las \u00faltimas novedades nuestra serie de soluciones DPP. Con una capacidad de impresi\u00f3n de recibos de hasta 115 mm, este dispositivo ofrece un tama\u00f1o m\u00e1s amplio para detalles y contenido relevante. Garantiza una durabilidad de impresi\u00f3n y fiabilidad superior, con una vida \u00fatil de hasta 100 km, lo que significa que podr\u00e1s imprimir durante mucho m\u00e1s tiempo sin preocuparte por el desgaste. Tambi\u00e9n supone una mejora en la autonom\u00eda con una bater\u00eda de 2.200 mAh para jornadas extensas de trabajo, y cuenta con una velocidad de impresi\u00f3n de 150\/s para completar tus tareas en tiempo r\u00e9cord.<\/p>\n","protected":false},"excerpt":{"rendered":"<p>Impresora rugerizada La impresora DPP-450 presenta las \u00faltimas novedades nuestra serie de soluciones DPP. Con una capacidad de impresi\u00f3n de recibos de hasta 115 mm, este dispositivo ofrece un tama\u00f1o m\u00e1s amplio para detalles y contenido relevante. Garantiza una durabilidad de impresi\u00f3n y fiabilidad superior, con una vida \u00fatil de hasta 100 km, lo que [&hellip;]<\/p>\n","protected":false},"featured_media":19262,"comment_status":"closed","ping_status":"closed","template":"","meta":{"inline_featured_image":false},"product_brand":[],"product_cat":[183,301],"product_tag":[305,276,284,280,281],"class_list":{"0":"post-19258","1":"product","2":"type-product","3":"status-publish","4":"has-post-thumbnail","6":"product_cat-identificacion-automatica","7":"product_cat-impresoras-portatiles","8":"product_tag-1d","9":"product_tag-android","10":"product_tag-bluetooth","11":"product_tag-ios","12":"product_tag-windows","14":"first","15":"instock","16":"shipping-taxable","17":"product-type-simple"},"yoast_head":"<!-- This site is optimized with the Yoast SEO Premium plugin v27.5 (Yoast SEO v27.5) - https:\/\/yoast.com\/product\/yoast-seo-premium-wordpress\/ -->\n<title>DPP-450 - ITOS Technology<\/title>\n<meta name=\"robots\" content=\"noindex, nofollow\" \/>\n<meta property=\"og:locale\" content=\"en_US\" \/>\n<meta property=\"og:type\" content=\"article\" \/>\n<meta property=\"og:title\" content=\"DPP-450\" \/>\n<meta property=\"og:description\" content=\"Impresora rugerizada La impresora DPP-450 presenta las \u00faltimas novedades nuestra serie de soluciones DPP. Con una capacidad de impresi\u00f3n de recibos de hasta 115 mm, este dispositivo ofrece un tama\u00f1o m\u00e1s amplio para detalles y contenido relevante. Garantiza una durabilidad de impresi\u00f3n y fiabilidad superior, con una vida \u00fatil de hasta 100 km, lo que [&hellip;]\" \/>\n<meta property=\"og:url\" content=\"https:\/\/itos.es\/en\/tienda\/identificacion-automatica\/impresoras-portatiles\/dpp-450\/\" \/>\n<meta property=\"og:site_name\" content=\"ITOS Technology\" \/>\n<meta property=\"article:modified_time\" content=\"2025-12-19T12:54:24+00:00\" \/>\n<meta property=\"og:image\" content=\"https:\/\/itos.es\/wp-content\/uploads\/2025\/06\/DPP-450-scaled.png\" \/>\n\t<meta property=\"og:image:width\" content=\"2560\" \/>\n\t<meta property=\"og:image:height\" content=\"2560\" \/>\n\t<meta property=\"og:image:type\" content=\"image\/png\" \/>\n<meta name=\"twitter:card\" content=\"summary_large_image\" \/>\n<meta name=\"twitter:site\" content=\"@info_ITOS\" \/>\n<meta name=\"twitter:label1\" content=\"Est. reading time\" \/>\n\t<meta name=\"twitter:data1\" content=\"1 minute\" \/>\n<script type=\"application\/ld+json\" class=\"yoast-schema-graph\">{\"@context\":\"https:\\\/\\\/schema.org\",\"@graph\":[{\"@type\":\"WebPage\",\"@id\":\"https:\\\/\\\/itos.es\\\/en\\\/tienda\\\/identificacion-automatica\\\/impresoras-portatiles\\\/dpp-450\\\/\",\"url\":\"https:\\\/\\\/itos.es\\\/en\\\/tienda\\\/identificacion-automatica\\\/impresoras-portatiles\\\/dpp-450\\\/\",\"name\":\"DPP-450 - ITOS Technology\",\"isPartOf\":{\"@id\":\"https:\\\/\\\/itos.es\\\/en\\\/#website\"},\"primaryImageOfPage\":{\"@id\":\"https:\\\/\\\/itos.es\\\/en\\\/tienda\\\/identificacion-automatica\\\/impresoras-portatiles\\\/dpp-450\\\/#primaryimage\"},\"image\":{\"@id\":\"https:\\\/\\\/itos.es\\\/en\\\/tienda\\\/identificacion-automatica\\\/impresoras-portatiles\\\/dpp-450\\\/#primaryimage\"},\"thumbnailUrl\":\"https:\\\/\\\/itos.es\\\/wp-content\\\/uploads\\\/2025\\\/06\\\/DPP-450-scaled.png\",\"datePublished\":\"2025-06-17T12:23:14+00:00\",\"dateModified\":\"2025-12-19T12:54:24+00:00\",\"breadcrumb\":{\"@id\":\"https:\\\/\\\/itos.es\\\/en\\\/tienda\\\/identificacion-automatica\\\/impresoras-portatiles\\\/dpp-450\\\/#breadcrumb\"},\"inLanguage\":\"en-US\",\"potentialAction\":[{\"@type\":\"ReadAction\",\"target\":[\"https:\\\/\\\/itos.es\\\/en\\\/tienda\\\/identificacion-automatica\\\/impresoras-portatiles\\\/dpp-450\\\/\"]}]},{\"@type\":\"ImageObject\",\"inLanguage\":\"en-US\",\"@id\":\"https:\\\/\\\/itos.es\\\/en\\\/tienda\\\/identificacion-automatica\\\/impresoras-portatiles\\\/dpp-450\\\/#primaryimage\",\"url\":\"https:\\\/\\\/itos.es\\\/wp-content\\\/uploads\\\/2025\\\/06\\\/DPP-450-scaled.png\",\"contentUrl\":\"https:\\\/\\\/itos.es\\\/wp-content\\\/uploads\\\/2025\\\/06\\\/DPP-450-scaled.png\",\"width\":2560,\"height\":2560},{\"@type\":\"BreadcrumbList\",\"@id\":\"https:\\\/\\\/itos.es\\\/en\\\/tienda\\\/identificacion-automatica\\\/impresoras-portatiles\\\/dpp-450\\\/#breadcrumb\",\"itemListElement\":[{\"@type\":\"ListItem\",\"position\":1,\"name\":\"Portada\",\"item\":\"https:\\\/\\\/itos.es\\\/en\\\/\"},{\"@type\":\"ListItem\",\"position\":2,\"name\":\"Products\",\"item\":\"https:\\\/\\\/itos.es\\\/en\\\/shop\\\/\"},{\"@type\":\"ListItem\",\"position\":3,\"name\":\"DPP-450\"}]},{\"@type\":\"WebSite\",\"@id\":\"https:\\\/\\\/itos.es\\\/en\\\/#website\",\"url\":\"https:\\\/\\\/itos.es\\\/en\\\/\",\"name\":\"ITOS Technology\",\"description\":\"Pagos y AIDC\",\"publisher\":{\"@id\":\"https:\\\/\\\/itos.es\\\/en\\\/#organization\"},\"potentialAction\":[{\"@type\":\"SearchAction\",\"target\":{\"@type\":\"EntryPoint\",\"urlTemplate\":\"https:\\\/\\\/itos.es\\\/en\\\/?s={search_term_string}\"},\"query-input\":{\"@type\":\"PropertyValueSpecification\",\"valueRequired\":true,\"valueName\":\"search_term_string\"}}],\"inLanguage\":\"en-US\"},{\"@type\":\"Organization\",\"@id\":\"https:\\\/\\\/itos.es\\\/en\\\/#organization\",\"name\":\"Itos Technology, S.L.\",\"url\":\"https:\\\/\\\/itos.es\\\/en\\\/\",\"logo\":{\"@type\":\"ImageObject\",\"inLanguage\":\"en-US\",\"@id\":\"https:\\\/\\\/itos.es\\\/en\\\/#\\\/schema\\\/logo\\\/image\\\/\",\"url\":\"https:\\\/\\\/itos.es\\\/wp-content\\\/uploads\\\/2023\\\/05\\\/AZUL_R.svg\",\"contentUrl\":\"https:\\\/\\\/itos.es\\\/wp-content\\\/uploads\\\/2023\\\/05\\\/AZUL_R.svg\",\"caption\":\"Itos Technology, S.L.\"},\"image\":{\"@id\":\"https:\\\/\\\/itos.es\\\/en\\\/#\\\/schema\\\/logo\\\/image\\\/\"},\"sameAs\":[\"https:\\\/\\\/x.com\\\/info_ITOS\",\"https:\\\/\\\/es.linkedin.com\\\/company\\\/itos-technology-s.l.\"]}]}<\/script>\n<!-- \/ Yoast SEO Premium plugin. -->","yoast_head_json":{"title":"DPP-450 - ITOS Technology","robots":{"index":"noindex","follow":"nofollow"},"og_locale":"en_US","og_type":"article","og_title":"DPP-450","og_description":"Impresora rugerizada La impresora DPP-450 presenta las \u00faltimas novedades nuestra serie de soluciones DPP. Con una capacidad de impresi\u00f3n de recibos de hasta 115 mm, este dispositivo ofrece un tama\u00f1o m\u00e1s amplio para detalles y contenido relevante. Garantiza una durabilidad de impresi\u00f3n y fiabilidad superior, con una vida \u00fatil de hasta 100 km, lo que [&hellip;]","og_url":"https:\/\/itos.es\/en\/tienda\/identificacion-automatica\/impresoras-portatiles\/dpp-450\/","og_site_name":"ITOS Technology","article_modified_time":"2025-12-19T12:54:24+00:00","og_image":[{"width":2560,"height":2560,"url":"https:\/\/itos.es\/wp-content\/uploads\/2025\/06\/DPP-450-scaled.png","type":"image\/png"}],"twitter_card":"summary_large_image","twitter_site":"@info_ITOS","twitter_misc":{"Est. reading time":"1 minute"},"schema":{"@context":"https:\/\/schema.org","@graph":[{"@type":"WebPage","@id":"https:\/\/itos.es\/en\/tienda\/identificacion-automatica\/impresoras-portatiles\/dpp-450\/","url":"https:\/\/itos.es\/en\/tienda\/identificacion-automatica\/impresoras-portatiles\/dpp-450\/","name":"DPP-450 - ITOS Technology","isPartOf":{"@id":"https:\/\/itos.es\/en\/#website"},"primaryImageOfPage":{"@id":"https:\/\/itos.es\/en\/tienda\/identificacion-automatica\/impresoras-portatiles\/dpp-450\/#primaryimage"},"image":{"@id":"https:\/\/itos.es\/en\/tienda\/identificacion-automatica\/impresoras-portatiles\/dpp-450\/#primaryimage"},"thumbnailUrl":"https:\/\/itos.es\/wp-content\/uploads\/2025\/06\/DPP-450-scaled.png","datePublished":"2025-06-17T12:23:14+00:00","dateModified":"2025-12-19T12:54:24+00:00","breadcrumb":{"@id":"https:\/\/itos.es\/en\/tienda\/identificacion-automatica\/impresoras-portatiles\/dpp-450\/#breadcrumb"},"inLanguage":"en-US","potentialAction":[{"@type":"ReadAction","target":["https:\/\/itos.es\/en\/tienda\/identificacion-automatica\/impresoras-portatiles\/dpp-450\/"]}]},{"@type":"ImageObject","inLanguage":"en-US","@id":"https:\/\/itos.es\/en\/tienda\/identificacion-automatica\/impresoras-portatiles\/dpp-450\/#primaryimage","url":"https:\/\/itos.es\/wp-content\/uploads\/2025\/06\/DPP-450-scaled.png","contentUrl":"https:\/\/itos.es\/wp-content\/uploads\/2025\/06\/DPP-450-scaled.png","width":2560,"height":2560},{"@type":"BreadcrumbList","@id":"https:\/\/itos.es\/en\/tienda\/identificacion-automatica\/impresoras-portatiles\/dpp-450\/#breadcrumb","itemListElement":[{"@type":"ListItem","position":1,"name":"Portada","item":"https:\/\/itos.es\/en\/"},{"@type":"ListItem","position":2,"name":"Products","item":"https:\/\/itos.es\/en\/shop\/"},{"@type":"ListItem","position":3,"name":"DPP-450"}]},{"@type":"WebSite","@id":"https:\/\/itos.es\/en\/#website","url":"https:\/\/itos.es\/en\/","name":"ITOS Technology","description":"Pagos y AIDC","publisher":{"@id":"https:\/\/itos.es\/en\/#organization"},"potentialAction":[{"@type":"SearchAction","target":{"@type":"EntryPoint","urlTemplate":"https:\/\/itos.es\/en\/?s={search_term_string}"},"query-input":{"@type":"PropertyValueSpecification","valueRequired":true,"valueName":"search_term_string"}}],"inLanguage":"en-US"},{"@type":"Organization","@id":"https:\/\/itos.es\/en\/#organization","name":"Itos Technology, S.L.","url":"https:\/\/itos.es\/en\/","logo":{"@type":"ImageObject","inLanguage":"en-US","@id":"https:\/\/itos.es\/en\/#\/schema\/logo\/image\/","url":"https:\/\/itos.es\/wp-content\/uploads\/2023\/05\/AZUL_R.svg","contentUrl":"https:\/\/itos.es\/wp-content\/uploads\/2023\/05\/AZUL_R.svg","caption":"Itos Technology, S.L."},"image":{"@id":"https:\/\/itos.es\/en\/#\/schema\/logo\/image\/"},"sameAs":["https:\/\/x.com\/info_ITOS","https:\/\/es.linkedin.com\/company\/itos-technology-s.l."]}]}},"_links":{"self":[{"href":"https:\/\/itos.es\/en\/wp-json\/wp\/v2\/product\/19258","targetHints":{"allow":["GET"]}}],"collection":[{"href":"https:\/\/itos.es\/en\/wp-json\/wp\/v2\/product"}],"about":[{"href":"https:\/\/itos.es\/en\/wp-json\/wp\/v2\/types\/product"}],"replies":[{"embeddable":true,"href":"https:\/\/itos.es\/en\/wp-json\/wp\/v2\/comments?post=19258"}],"wp:featuredmedia":[{"embeddable":true,"href":"https:\/\/itos.es\/en\/wp-json\/wp\/v2\/media\/19262"}],"wp:attachment":[{"href":"https:\/\/itos.es\/en\/wp-json\/wp\/v2\/media?parent=19258"}],"wp:term":[{"taxonomy":"product_brand","embeddable":true,"href":"https:\/\/itos.es\/en\/wp-json\/wp\/v2\/product_brand?post=19258"},{"taxonomy":"product_cat","embeddable":true,"href":"https:\/\/itos.es\/en\/wp-json\/wp\/v2\/product_cat?post=19258"},{"taxonomy":"product_tag","embeddable":true,"href":"https:\/\/itos.es\/en\/wp-json\/wp\/v2\/product_tag?post=19258"}],"curies":[{"name":"wp","href":"https:\/\/api.w.org\/{rel}","templated":true}]}}