{"id":19255,"date":"2025-06-17T14:20:37","date_gmt":"2025-06-17T12:20:37","guid":{"rendered":"https:\/\/itos.es\/itos-new\/?post_type=product&#038;p=19255"},"modified":"2025-12-19T13:54:27","modified_gmt":"2025-12-19T12:54:27","slug":"dpp-350","status":"publish","type":"product","link":"https:\/\/itos.es\/en\/tienda\/identificacion-automatica\/impresoras-portatiles\/dpp-350\/","title":{"rendered":"DPP-350"},"content":{"rendered":"<p>Descubre la nueva generaci\u00f3n de impresoras port\u00e1tiles DPP que revolucionar\u00e1 tu forma de trabajar.<br \/>\nNuestra l\u00ednea de impresoras para tickets y recibos ha evolucionado para brindarte una experiencia \u00fanica y adaptada a tus necesidades espec\u00edficas. Con capacidad de impresi\u00f3n de hasta un ancho de papel de 78 mm, la impresora DPP-350 redefine la forma en que imprimes tus recibos. Con una bater\u00eda de 2.000 mAh, te ofrece una autonom\u00eda extendida, d\u00e1ndote la libertad de imprimir durante m\u00e1s tiempo sin preocupaciones, sobre todo para aquellos entornos de movimiento constante donde se necesita una impresora confiable y duradera en las jornadas de trabajo. Adem\u00e1s, cuenta la posibilidad de incorporar 2 SAMs, proporcionando una capa adicional de seguridad para aquellos entornos donde la protecci\u00f3n de datos y transacciones seguras son esenciales.<\/p>\n","protected":false},"excerpt":{"rendered":"<p>Descubre la nueva generaci\u00f3n de impresoras port\u00e1tiles DPP que revolucionar\u00e1 tu forma de trabajar. Nuestra l\u00ednea de impresoras para tickets y recibos ha evolucionado para brindarte una experiencia \u00fanica y adaptada a tus necesidades espec\u00edficas. Con capacidad de impresi\u00f3n de hasta un ancho de papel de 78 mm, la impresora DPP-350 redefine la forma en [&hellip;]<\/p>\n","protected":false},"featured_media":19257,"comment_status":"closed","ping_status":"closed","template":"","meta":{"inline_featured_image":false},"product_brand":[],"product_cat":[183,301],"product_tag":[305,299,276,287,282,283,280],"class_list":{"0":"post-19255","1":"product","2":"type-product","3":"status-publish","4":"has-post-thumbnail","6":"product_cat-identificacion-automatica","7":"product_cat-impresoras-portatiles","8":"product_tag-1d","9":"product_tag-2sam","10":"product_tag-android","11":"product_tag-banda-magnetica","12":"product_tag-chip","13":"product_tag-contactless","14":"product_tag-ios","16":"first","17":"instock","18":"shipping-taxable","19":"product-type-simple"},"yoast_head":"<!-- This site is optimized with the Yoast SEO Premium plugin v27.5 (Yoast SEO v27.5) - https:\/\/yoast.com\/product\/yoast-seo-premium-wordpress\/ -->\n<title>DPP-350 - ITOS Technology<\/title>\n<meta name=\"robots\" content=\"noindex, nofollow\" \/>\n<meta property=\"og:locale\" content=\"en_US\" \/>\n<meta property=\"og:type\" content=\"article\" \/>\n<meta property=\"og:title\" content=\"DPP-350\" \/>\n<meta property=\"og:description\" content=\"Descubre la nueva generaci\u00f3n de impresoras port\u00e1tiles DPP que revolucionar\u00e1 tu forma de trabajar. Nuestra l\u00ednea de impresoras para tickets y recibos ha evolucionado para brindarte una experiencia \u00fanica y adaptada a tus necesidades espec\u00edficas. Con capacidad de impresi\u00f3n de hasta un ancho de papel de 78 mm, la impresora DPP-350 redefine la forma en [&hellip;]\" \/>\n<meta property=\"og:url\" content=\"https:\/\/itos.es\/en\/tienda\/identificacion-automatica\/impresoras-portatiles\/dpp-350\/\" \/>\n<meta property=\"og:site_name\" content=\"ITOS Technology\" \/>\n<meta property=\"article:modified_time\" content=\"2025-12-19T12:54:27+00:00\" \/>\n<meta property=\"og:image\" content=\"https:\/\/itos.es\/wp-content\/uploads\/2025\/06\/1_DPP-350_2019_Lector-de-huella.png\" \/>\n\t<meta property=\"og:image:width\" content=\"1526\" \/>\n\t<meta property=\"og:image:height\" content=\"1282\" \/>\n\t<meta property=\"og:image:type\" content=\"image\/png\" \/>\n<meta name=\"twitter:card\" content=\"summary_large_image\" \/>\n<meta name=\"twitter:site\" content=\"@info_ITOS\" \/>\n<meta name=\"twitter:label1\" content=\"Est. reading time\" \/>\n\t<meta name=\"twitter:data1\" content=\"1 minute\" \/>\n<script type=\"application\/ld+json\" class=\"yoast-schema-graph\">{\"@context\":\"https:\\\/\\\/schema.org\",\"@graph\":[{\"@type\":\"WebPage\",\"@id\":\"https:\\\/\\\/itos.es\\\/en\\\/tienda\\\/identificacion-automatica\\\/impresoras-portatiles\\\/dpp-350\\\/\",\"url\":\"https:\\\/\\\/itos.es\\\/en\\\/tienda\\\/identificacion-automatica\\\/impresoras-portatiles\\\/dpp-350\\\/\",\"name\":\"DPP-350 - ITOS Technology\",\"isPartOf\":{\"@id\":\"https:\\\/\\\/itos.es\\\/en\\\/#website\"},\"primaryImageOfPage\":{\"@id\":\"https:\\\/\\\/itos.es\\\/en\\\/tienda\\\/identificacion-automatica\\\/impresoras-portatiles\\\/dpp-350\\\/#primaryimage\"},\"image\":{\"@id\":\"https:\\\/\\\/itos.es\\\/en\\\/tienda\\\/identificacion-automatica\\\/impresoras-portatiles\\\/dpp-350\\\/#primaryimage\"},\"thumbnailUrl\":\"https:\\\/\\\/itos.es\\\/wp-content\\\/uploads\\\/2025\\\/06\\\/1_DPP-350_2019_Lector-de-huella.png\",\"datePublished\":\"2025-06-17T12:20:37+00:00\",\"dateModified\":\"2025-12-19T12:54:27+00:00\",\"breadcrumb\":{\"@id\":\"https:\\\/\\\/itos.es\\\/en\\\/tienda\\\/identificacion-automatica\\\/impresoras-portatiles\\\/dpp-350\\\/#breadcrumb\"},\"inLanguage\":\"en-US\",\"potentialAction\":[{\"@type\":\"ReadAction\",\"target\":[\"https:\\\/\\\/itos.es\\\/en\\\/tienda\\\/identificacion-automatica\\\/impresoras-portatiles\\\/dpp-350\\\/\"]}]},{\"@type\":\"ImageObject\",\"inLanguage\":\"en-US\",\"@id\":\"https:\\\/\\\/itos.es\\\/en\\\/tienda\\\/identificacion-automatica\\\/impresoras-portatiles\\\/dpp-350\\\/#primaryimage\",\"url\":\"https:\\\/\\\/itos.es\\\/wp-content\\\/uploads\\\/2025\\\/06\\\/1_DPP-350_2019_Lector-de-huella.png\",\"contentUrl\":\"https:\\\/\\\/itos.es\\\/wp-content\\\/uploads\\\/2025\\\/06\\\/1_DPP-350_2019_Lector-de-huella.png\",\"width\":1526,\"height\":1282},{\"@type\":\"BreadcrumbList\",\"@id\":\"https:\\\/\\\/itos.es\\\/en\\\/tienda\\\/identificacion-automatica\\\/impresoras-portatiles\\\/dpp-350\\\/#breadcrumb\",\"itemListElement\":[{\"@type\":\"ListItem\",\"position\":1,\"name\":\"Portada\",\"item\":\"https:\\\/\\\/itos.es\\\/en\\\/\"},{\"@type\":\"ListItem\",\"position\":2,\"name\":\"Products\",\"item\":\"https:\\\/\\\/itos.es\\\/en\\\/shop\\\/\"},{\"@type\":\"ListItem\",\"position\":3,\"name\":\"DPP-350\"}]},{\"@type\":\"WebSite\",\"@id\":\"https:\\\/\\\/itos.es\\\/en\\\/#website\",\"url\":\"https:\\\/\\\/itos.es\\\/en\\\/\",\"name\":\"ITOS Technology\",\"description\":\"Pagos y AIDC\",\"publisher\":{\"@id\":\"https:\\\/\\\/itos.es\\\/en\\\/#organization\"},\"potentialAction\":[{\"@type\":\"SearchAction\",\"target\":{\"@type\":\"EntryPoint\",\"urlTemplate\":\"https:\\\/\\\/itos.es\\\/en\\\/?s={search_term_string}\"},\"query-input\":{\"@type\":\"PropertyValueSpecification\",\"valueRequired\":true,\"valueName\":\"search_term_string\"}}],\"inLanguage\":\"en-US\"},{\"@type\":\"Organization\",\"@id\":\"https:\\\/\\\/itos.es\\\/en\\\/#organization\",\"name\":\"Itos Technology, S.L.\",\"url\":\"https:\\\/\\\/itos.es\\\/en\\\/\",\"logo\":{\"@type\":\"ImageObject\",\"inLanguage\":\"en-US\",\"@id\":\"https:\\\/\\\/itos.es\\\/en\\\/#\\\/schema\\\/logo\\\/image\\\/\",\"url\":\"https:\\\/\\\/itos.es\\\/wp-content\\\/uploads\\\/2023\\\/05\\\/AZUL_R.svg\",\"contentUrl\":\"https:\\\/\\\/itos.es\\\/wp-content\\\/uploads\\\/2023\\\/05\\\/AZUL_R.svg\",\"caption\":\"Itos Technology, S.L.\"},\"image\":{\"@id\":\"https:\\\/\\\/itos.es\\\/en\\\/#\\\/schema\\\/logo\\\/image\\\/\"},\"sameAs\":[\"https:\\\/\\\/x.com\\\/info_ITOS\",\"https:\\\/\\\/es.linkedin.com\\\/company\\\/itos-technology-s.l.\"]}]}<\/script>\n<!-- \/ Yoast SEO Premium plugin. -->","yoast_head_json":{"title":"DPP-350 - ITOS Technology","robots":{"index":"noindex","follow":"nofollow"},"og_locale":"en_US","og_type":"article","og_title":"DPP-350","og_description":"Descubre la nueva generaci\u00f3n de impresoras port\u00e1tiles DPP que revolucionar\u00e1 tu forma de trabajar. Nuestra l\u00ednea de impresoras para tickets y recibos ha evolucionado para brindarte una experiencia \u00fanica y adaptada a tus necesidades espec\u00edficas. Con capacidad de impresi\u00f3n de hasta un ancho de papel de 78 mm, la impresora DPP-350 redefine la forma en [&hellip;]","og_url":"https:\/\/itos.es\/en\/tienda\/identificacion-automatica\/impresoras-portatiles\/dpp-350\/","og_site_name":"ITOS Technology","article_modified_time":"2025-12-19T12:54:27+00:00","og_image":[{"width":1526,"height":1282,"url":"https:\/\/itos.es\/wp-content\/uploads\/2025\/06\/1_DPP-350_2019_Lector-de-huella.png","type":"image\/png"}],"twitter_card":"summary_large_image","twitter_site":"@info_ITOS","twitter_misc":{"Est. reading time":"1 minute"},"schema":{"@context":"https:\/\/schema.org","@graph":[{"@type":"WebPage","@id":"https:\/\/itos.es\/en\/tienda\/identificacion-automatica\/impresoras-portatiles\/dpp-350\/","url":"https:\/\/itos.es\/en\/tienda\/identificacion-automatica\/impresoras-portatiles\/dpp-350\/","name":"DPP-350 - ITOS Technology","isPartOf":{"@id":"https:\/\/itos.es\/en\/#website"},"primaryImageOfPage":{"@id":"https:\/\/itos.es\/en\/tienda\/identificacion-automatica\/impresoras-portatiles\/dpp-350\/#primaryimage"},"image":{"@id":"https:\/\/itos.es\/en\/tienda\/identificacion-automatica\/impresoras-portatiles\/dpp-350\/#primaryimage"},"thumbnailUrl":"https:\/\/itos.es\/wp-content\/uploads\/2025\/06\/1_DPP-350_2019_Lector-de-huella.png","datePublished":"2025-06-17T12:20:37+00:00","dateModified":"2025-12-19T12:54:27+00:00","breadcrumb":{"@id":"https:\/\/itos.es\/en\/tienda\/identificacion-automatica\/impresoras-portatiles\/dpp-350\/#breadcrumb"},"inLanguage":"en-US","potentialAction":[{"@type":"ReadAction","target":["https:\/\/itos.es\/en\/tienda\/identificacion-automatica\/impresoras-portatiles\/dpp-350\/"]}]},{"@type":"ImageObject","inLanguage":"en-US","@id":"https:\/\/itos.es\/en\/tienda\/identificacion-automatica\/impresoras-portatiles\/dpp-350\/#primaryimage","url":"https:\/\/itos.es\/wp-content\/uploads\/2025\/06\/1_DPP-350_2019_Lector-de-huella.png","contentUrl":"https:\/\/itos.es\/wp-content\/uploads\/2025\/06\/1_DPP-350_2019_Lector-de-huella.png","width":1526,"height":1282},{"@type":"BreadcrumbList","@id":"https:\/\/itos.es\/en\/tienda\/identificacion-automatica\/impresoras-portatiles\/dpp-350\/#breadcrumb","itemListElement":[{"@type":"ListItem","position":1,"name":"Portada","item":"https:\/\/itos.es\/en\/"},{"@type":"ListItem","position":2,"name":"Products","item":"https:\/\/itos.es\/en\/shop\/"},{"@type":"ListItem","position":3,"name":"DPP-350"}]},{"@type":"WebSite","@id":"https:\/\/itos.es\/en\/#website","url":"https:\/\/itos.es\/en\/","name":"ITOS Technology","description":"Pagos y AIDC","publisher":{"@id":"https:\/\/itos.es\/en\/#organization"},"potentialAction":[{"@type":"SearchAction","target":{"@type":"EntryPoint","urlTemplate":"https:\/\/itos.es\/en\/?s={search_term_string}"},"query-input":{"@type":"PropertyValueSpecification","valueRequired":true,"valueName":"search_term_string"}}],"inLanguage":"en-US"},{"@type":"Organization","@id":"https:\/\/itos.es\/en\/#organization","name":"Itos Technology, S.L.","url":"https:\/\/itos.es\/en\/","logo":{"@type":"ImageObject","inLanguage":"en-US","@id":"https:\/\/itos.es\/en\/#\/schema\/logo\/image\/","url":"https:\/\/itos.es\/wp-content\/uploads\/2023\/05\/AZUL_R.svg","contentUrl":"https:\/\/itos.es\/wp-content\/uploads\/2023\/05\/AZUL_R.svg","caption":"Itos Technology, S.L."},"image":{"@id":"https:\/\/itos.es\/en\/#\/schema\/logo\/image\/"},"sameAs":["https:\/\/x.com\/info_ITOS","https:\/\/es.linkedin.com\/company\/itos-technology-s.l."]}]}},"_links":{"self":[{"href":"https:\/\/itos.es\/en\/wp-json\/wp\/v2\/product\/19255","targetHints":{"allow":["GET"]}}],"collection":[{"href":"https:\/\/itos.es\/en\/wp-json\/wp\/v2\/product"}],"about":[{"href":"https:\/\/itos.es\/en\/wp-json\/wp\/v2\/types\/product"}],"replies":[{"embeddable":true,"href":"https:\/\/itos.es\/en\/wp-json\/wp\/v2\/comments?post=19255"}],"wp:featuredmedia":[{"embeddable":true,"href":"https:\/\/itos.es\/en\/wp-json\/wp\/v2\/media\/19257"}],"wp:attachment":[{"href":"https:\/\/itos.es\/en\/wp-json\/wp\/v2\/media?parent=19255"}],"wp:term":[{"taxonomy":"product_brand","embeddable":true,"href":"https:\/\/itos.es\/en\/wp-json\/wp\/v2\/product_brand?post=19255"},{"taxonomy":"product_cat","embeddable":true,"href":"https:\/\/itos.es\/en\/wp-json\/wp\/v2\/product_cat?post=19255"},{"taxonomy":"product_tag","embeddable":true,"href":"https:\/\/itos.es\/en\/wp-json\/wp\/v2\/product_tag?post=19255"}],"curies":[{"name":"wp","href":"https:\/\/api.w.org\/{rel}","templated":true}]}}