{"id":19254,"date":"2025-06-17T14:17:24","date_gmt":"2025-06-17T12:17:24","guid":{"rendered":"https:\/\/itos.es\/itos-new\/?post_type=product&#038;p=19254"},"modified":"2025-12-19T13:54:31","modified_gmt":"2025-12-19T12:54:31","slug":"dpp-255","status":"publish","type":"product","link":"https:\/\/itos.es\/en\/tienda\/identificacion-automatica\/impresoras-portatiles\/dpp-255\/","title":{"rendered":"DPP-255"},"content":{"rendered":"<p>Nuestras impresoras DPP est\u00e1n dise\u00f1adas con caracter\u00edsticas excepcionales para alcanzar la eficiencia \u00f3ptima en tus tareas de etiquetado. El modelo DPP-255 destaca por su tama\u00f1o compacto y su velocidad, permiti\u00e9ndote imprimir etiquetas de hasta 58 mm de ancho a una velocidad de 62 mm por segundo,<br \/>\ntodo ello con una resoluci\u00f3n de hasta 203 dpi. Podr\u00e1s obtener de manera inmediata todas las etiquetas que necesites, lo que facilitar\u00e1 enormemente la organizaci\u00f3n de tus actividades. Su carga r\u00e1pida y sencilla de papel, junto con su sensor de fin de papel, garantizan una experiencia de uso sin problemas. Adem\u00e1s, para mayor comodidad, la impresora ofrece la opci\u00f3n de conexi\u00f3n Bluetooth, lo que te permitir\u00e1 estar conectado directamente a los dispositivos que necesitas, asegurando un flujo de trabajo eficiente y sin complicaciones.<\/p>\n","protected":false},"excerpt":{"rendered":"<p>Nuestras impresoras DPP est\u00e1n dise\u00f1adas con caracter\u00edsticas excepcionales para alcanzar la eficiencia \u00f3ptima en tus tareas de etiquetado. El modelo DPP-255 destaca por su tama\u00f1o compacto y su velocidad, permiti\u00e9ndote imprimir etiquetas de hasta 58 mm de ancho a una velocidad de 62 mm por segundo, todo ello con una resoluci\u00f3n de hasta 203 dpi. [&hellip;]<\/p>\n","protected":false},"featured_media":10682,"comment_status":"closed","ping_status":"closed","template":"","meta":{"inline_featured_image":false},"product_brand":[],"product_cat":[183,301],"product_tag":[288,276,280],"class_list":{"0":"post-19254","1":"product","2":"type-product","3":"status-publish","4":"has-post-thumbnail","6":"product_cat-identificacion-automatica","7":"product_cat-impresoras-portatiles","8":"product_tag-1d-2d","9":"product_tag-android","10":"product_tag-ios","12":"first","13":"instock","14":"shipping-taxable","15":"product-type-simple"},"yoast_head":"<!-- This site is optimized with the Yoast SEO Premium plugin v27.5 (Yoast SEO v27.5) - https:\/\/yoast.com\/product\/yoast-seo-premium-wordpress\/ -->\n<title>DPP-255 - ITOS Technology<\/title>\n<meta name=\"robots\" content=\"noindex, nofollow\" \/>\n<meta property=\"og:locale\" content=\"en_US\" \/>\n<meta property=\"og:type\" content=\"article\" \/>\n<meta property=\"og:title\" content=\"DPP-255\" \/>\n<meta property=\"og:description\" content=\"Nuestras impresoras DPP est\u00e1n dise\u00f1adas con caracter\u00edsticas excepcionales para alcanzar la eficiencia \u00f3ptima en tus tareas de etiquetado. El modelo DPP-255 destaca por su tama\u00f1o compacto y su velocidad, permiti\u00e9ndote imprimir etiquetas de hasta 58 mm de ancho a una velocidad de 62 mm por segundo, todo ello con una resoluci\u00f3n de hasta 203 dpi. [&hellip;]\" \/>\n<meta property=\"og:url\" content=\"https:\/\/itos.es\/en\/tienda\/identificacion-automatica\/impresoras-portatiles\/dpp-255\/\" \/>\n<meta property=\"og:site_name\" content=\"ITOS Technology\" \/>\n<meta property=\"article:modified_time\" content=\"2025-12-19T12:54:31+00:00\" \/>\n<meta property=\"og:image\" content=\"https:\/\/itos.es\/wp-content\/uploads\/2023\/09\/DPP-255-1024x1024.png\" \/>\n\t<meta property=\"og:image:width\" content=\"1024\" \/>\n\t<meta property=\"og:image:height\" content=\"1024\" \/>\n\t<meta property=\"og:image:type\" content=\"image\/png\" \/>\n<meta name=\"twitter:card\" content=\"summary_large_image\" \/>\n<meta name=\"twitter:site\" content=\"@info_ITOS\" \/>\n<meta name=\"twitter:label1\" content=\"Est. reading time\" \/>\n\t<meta name=\"twitter:data1\" content=\"1 minute\" \/>\n<script type=\"application\/ld+json\" class=\"yoast-schema-graph\">{\"@context\":\"https:\\\/\\\/schema.org\",\"@graph\":[{\"@type\":\"WebPage\",\"@id\":\"https:\\\/\\\/itos.es\\\/en\\\/tienda\\\/identificacion-automatica\\\/impresoras-portatiles\\\/dpp-255\\\/\",\"url\":\"https:\\\/\\\/itos.es\\\/en\\\/tienda\\\/identificacion-automatica\\\/impresoras-portatiles\\\/dpp-255\\\/\",\"name\":\"DPP-255 - ITOS Technology\",\"isPartOf\":{\"@id\":\"https:\\\/\\\/itos.es\\\/en\\\/#website\"},\"primaryImageOfPage\":{\"@id\":\"https:\\\/\\\/itos.es\\\/en\\\/tienda\\\/identificacion-automatica\\\/impresoras-portatiles\\\/dpp-255\\\/#primaryimage\"},\"image\":{\"@id\":\"https:\\\/\\\/itos.es\\\/en\\\/tienda\\\/identificacion-automatica\\\/impresoras-portatiles\\\/dpp-255\\\/#primaryimage\"},\"thumbnailUrl\":\"https:\\\/\\\/itos.es\\\/wp-content\\\/uploads\\\/2023\\\/09\\\/DPP-255.png\",\"datePublished\":\"2025-06-17T12:17:24+00:00\",\"dateModified\":\"2025-12-19T12:54:31+00:00\",\"breadcrumb\":{\"@id\":\"https:\\\/\\\/itos.es\\\/en\\\/tienda\\\/identificacion-automatica\\\/impresoras-portatiles\\\/dpp-255\\\/#breadcrumb\"},\"inLanguage\":\"en-US\",\"potentialAction\":[{\"@type\":\"ReadAction\",\"target\":[\"https:\\\/\\\/itos.es\\\/en\\\/tienda\\\/identificacion-automatica\\\/impresoras-portatiles\\\/dpp-255\\\/\"]}]},{\"@type\":\"ImageObject\",\"inLanguage\":\"en-US\",\"@id\":\"https:\\\/\\\/itos.es\\\/en\\\/tienda\\\/identificacion-automatica\\\/impresoras-portatiles\\\/dpp-255\\\/#primaryimage\",\"url\":\"https:\\\/\\\/itos.es\\\/wp-content\\\/uploads\\\/2023\\\/09\\\/DPP-255.png\",\"contentUrl\":\"https:\\\/\\\/itos.es\\\/wp-content\\\/uploads\\\/2023\\\/09\\\/DPP-255.png\",\"width\":4000,\"height\":4000},{\"@type\":\"BreadcrumbList\",\"@id\":\"https:\\\/\\\/itos.es\\\/en\\\/tienda\\\/identificacion-automatica\\\/impresoras-portatiles\\\/dpp-255\\\/#breadcrumb\",\"itemListElement\":[{\"@type\":\"ListItem\",\"position\":1,\"name\":\"Portada\",\"item\":\"https:\\\/\\\/itos.es\\\/en\\\/\"},{\"@type\":\"ListItem\",\"position\":2,\"name\":\"Products\",\"item\":\"https:\\\/\\\/itos.es\\\/en\\\/shop\\\/\"},{\"@type\":\"ListItem\",\"position\":3,\"name\":\"DPP-255\"}]},{\"@type\":\"WebSite\",\"@id\":\"https:\\\/\\\/itos.es\\\/en\\\/#website\",\"url\":\"https:\\\/\\\/itos.es\\\/en\\\/\",\"name\":\"ITOS Technology\",\"description\":\"Pagos y AIDC\",\"publisher\":{\"@id\":\"https:\\\/\\\/itos.es\\\/en\\\/#organization\"},\"potentialAction\":[{\"@type\":\"SearchAction\",\"target\":{\"@type\":\"EntryPoint\",\"urlTemplate\":\"https:\\\/\\\/itos.es\\\/en\\\/?s={search_term_string}\"},\"query-input\":{\"@type\":\"PropertyValueSpecification\",\"valueRequired\":true,\"valueName\":\"search_term_string\"}}],\"inLanguage\":\"en-US\"},{\"@type\":\"Organization\",\"@id\":\"https:\\\/\\\/itos.es\\\/en\\\/#organization\",\"name\":\"Itos Technology, S.L.\",\"url\":\"https:\\\/\\\/itos.es\\\/en\\\/\",\"logo\":{\"@type\":\"ImageObject\",\"inLanguage\":\"en-US\",\"@id\":\"https:\\\/\\\/itos.es\\\/en\\\/#\\\/schema\\\/logo\\\/image\\\/\",\"url\":\"https:\\\/\\\/itos.es\\\/wp-content\\\/uploads\\\/2023\\\/05\\\/AZUL_R.svg\",\"contentUrl\":\"https:\\\/\\\/itos.es\\\/wp-content\\\/uploads\\\/2023\\\/05\\\/AZUL_R.svg\",\"caption\":\"Itos Technology, S.L.\"},\"image\":{\"@id\":\"https:\\\/\\\/itos.es\\\/en\\\/#\\\/schema\\\/logo\\\/image\\\/\"},\"sameAs\":[\"https:\\\/\\\/x.com\\\/info_ITOS\",\"https:\\\/\\\/es.linkedin.com\\\/company\\\/itos-technology-s.l.\"]}]}<\/script>\n<!-- \/ Yoast SEO Premium plugin. -->","yoast_head_json":{"title":"DPP-255 - ITOS Technology","robots":{"index":"noindex","follow":"nofollow"},"og_locale":"en_US","og_type":"article","og_title":"DPP-255","og_description":"Nuestras impresoras DPP est\u00e1n dise\u00f1adas con caracter\u00edsticas excepcionales para alcanzar la eficiencia \u00f3ptima en tus tareas de etiquetado. El modelo DPP-255 destaca por su tama\u00f1o compacto y su velocidad, permiti\u00e9ndote imprimir etiquetas de hasta 58 mm de ancho a una velocidad de 62 mm por segundo, todo ello con una resoluci\u00f3n de hasta 203 dpi. [&hellip;]","og_url":"https:\/\/itos.es\/en\/tienda\/identificacion-automatica\/impresoras-portatiles\/dpp-255\/","og_site_name":"ITOS Technology","article_modified_time":"2025-12-19T12:54:31+00:00","og_image":[{"width":1024,"height":1024,"url":"https:\/\/itos.es\/wp-content\/uploads\/2023\/09\/DPP-255-1024x1024.png","type":"image\/png"}],"twitter_card":"summary_large_image","twitter_site":"@info_ITOS","twitter_misc":{"Est. reading time":"1 minute"},"schema":{"@context":"https:\/\/schema.org","@graph":[{"@type":"WebPage","@id":"https:\/\/itos.es\/en\/tienda\/identificacion-automatica\/impresoras-portatiles\/dpp-255\/","url":"https:\/\/itos.es\/en\/tienda\/identificacion-automatica\/impresoras-portatiles\/dpp-255\/","name":"DPP-255 - ITOS Technology","isPartOf":{"@id":"https:\/\/itos.es\/en\/#website"},"primaryImageOfPage":{"@id":"https:\/\/itos.es\/en\/tienda\/identificacion-automatica\/impresoras-portatiles\/dpp-255\/#primaryimage"},"image":{"@id":"https:\/\/itos.es\/en\/tienda\/identificacion-automatica\/impresoras-portatiles\/dpp-255\/#primaryimage"},"thumbnailUrl":"https:\/\/itos.es\/wp-content\/uploads\/2023\/09\/DPP-255.png","datePublished":"2025-06-17T12:17:24+00:00","dateModified":"2025-12-19T12:54:31+00:00","breadcrumb":{"@id":"https:\/\/itos.es\/en\/tienda\/identificacion-automatica\/impresoras-portatiles\/dpp-255\/#breadcrumb"},"inLanguage":"en-US","potentialAction":[{"@type":"ReadAction","target":["https:\/\/itos.es\/en\/tienda\/identificacion-automatica\/impresoras-portatiles\/dpp-255\/"]}]},{"@type":"ImageObject","inLanguage":"en-US","@id":"https:\/\/itos.es\/en\/tienda\/identificacion-automatica\/impresoras-portatiles\/dpp-255\/#primaryimage","url":"https:\/\/itos.es\/wp-content\/uploads\/2023\/09\/DPP-255.png","contentUrl":"https:\/\/itos.es\/wp-content\/uploads\/2023\/09\/DPP-255.png","width":4000,"height":4000},{"@type":"BreadcrumbList","@id":"https:\/\/itos.es\/en\/tienda\/identificacion-automatica\/impresoras-portatiles\/dpp-255\/#breadcrumb","itemListElement":[{"@type":"ListItem","position":1,"name":"Portada","item":"https:\/\/itos.es\/en\/"},{"@type":"ListItem","position":2,"name":"Products","item":"https:\/\/itos.es\/en\/shop\/"},{"@type":"ListItem","position":3,"name":"DPP-255"}]},{"@type":"WebSite","@id":"https:\/\/itos.es\/en\/#website","url":"https:\/\/itos.es\/en\/","name":"ITOS Technology","description":"Pagos y AIDC","publisher":{"@id":"https:\/\/itos.es\/en\/#organization"},"potentialAction":[{"@type":"SearchAction","target":{"@type":"EntryPoint","urlTemplate":"https:\/\/itos.es\/en\/?s={search_term_string}"},"query-input":{"@type":"PropertyValueSpecification","valueRequired":true,"valueName":"search_term_string"}}],"inLanguage":"en-US"},{"@type":"Organization","@id":"https:\/\/itos.es\/en\/#organization","name":"Itos Technology, S.L.","url":"https:\/\/itos.es\/en\/","logo":{"@type":"ImageObject","inLanguage":"en-US","@id":"https:\/\/itos.es\/en\/#\/schema\/logo\/image\/","url":"https:\/\/itos.es\/wp-content\/uploads\/2023\/05\/AZUL_R.svg","contentUrl":"https:\/\/itos.es\/wp-content\/uploads\/2023\/05\/AZUL_R.svg","caption":"Itos Technology, S.L."},"image":{"@id":"https:\/\/itos.es\/en\/#\/schema\/logo\/image\/"},"sameAs":["https:\/\/x.com\/info_ITOS","https:\/\/es.linkedin.com\/company\/itos-technology-s.l."]}]}},"_links":{"self":[{"href":"https:\/\/itos.es\/en\/wp-json\/wp\/v2\/product\/19254","targetHints":{"allow":["GET"]}}],"collection":[{"href":"https:\/\/itos.es\/en\/wp-json\/wp\/v2\/product"}],"about":[{"href":"https:\/\/itos.es\/en\/wp-json\/wp\/v2\/types\/product"}],"replies":[{"embeddable":true,"href":"https:\/\/itos.es\/en\/wp-json\/wp\/v2\/comments?post=19254"}],"wp:featuredmedia":[{"embeddable":true,"href":"https:\/\/itos.es\/en\/wp-json\/wp\/v2\/media\/10682"}],"wp:attachment":[{"href":"https:\/\/itos.es\/en\/wp-json\/wp\/v2\/media?parent=19254"}],"wp:term":[{"taxonomy":"product_brand","embeddable":true,"href":"https:\/\/itos.es\/en\/wp-json\/wp\/v2\/product_brand?post=19254"},{"taxonomy":"product_cat","embeddable":true,"href":"https:\/\/itos.es\/en\/wp-json\/wp\/v2\/product_cat?post=19254"},{"taxonomy":"product_tag","embeddable":true,"href":"https:\/\/itos.es\/en\/wp-json\/wp\/v2\/product_tag?post=19254"}],"curies":[{"name":"wp","href":"https:\/\/api.w.org\/{rel}","templated":true}]}}