{"id":19253,"date":"2025-06-17T14:15:27","date_gmt":"2025-06-17T12:15:27","guid":{"rendered":"https:\/\/itos.es\/itos-new\/?post_type=product&#038;p=19253"},"modified":"2025-12-19T13:54:35","modified_gmt":"2025-12-19T12:54:35","slug":"dpp-250","status":"publish","type":"product","link":"https:\/\/itos.es\/en\/tienda\/identificacion-automatica\/impresoras-portatiles\/dpp-250\/","title":{"rendered":"DPP-250"},"content":{"rendered":"<p>Nuestras impresoras DPP est\u00e1n equipadas con caracter\u00edsticas \u00fanicas, permitiendo que puedas alcanzar<br \/>\nuna eficiencia \u00f3ptima. El modelo DPP-250 se caracteriza por su c\u00f3modo tama\u00f1o y por su rapidez: permite imprimir tickets con una anchura de 58 mm a una velocidad de 80 mm por segundo, con una alta resoluci\u00f3n de hasta 203 dpi. Por ello, puede ser el aliado perfecto con el que obtener los recibos que necesites de manera inmediata, facilitando la organizaci\u00f3n de tus gestiones, gracias a su carga r\u00e1pida y f\u00e1cil de papel y su sensor de fin del mismo. Adem\u00e1s con la opci\u00f3n de conexi\u00f3n Bluetooth, podr\u00e1s estar conectado directamente a los dispositivos necesarios.<\/p>\n","protected":false},"excerpt":{"rendered":"<p>Nuestras impresoras DPP est\u00e1n equipadas con caracter\u00edsticas \u00fanicas, permitiendo que puedas alcanzar una eficiencia \u00f3ptima. El modelo DPP-250 se caracteriza por su c\u00f3modo tama\u00f1o y por su rapidez: permite imprimir tickets con una anchura de 58 mm a una velocidad de 80 mm por segundo, con una alta resoluci\u00f3n de hasta 203 dpi. Por ello, [&hellip;]<\/p>\n","protected":false},"featured_media":10680,"comment_status":"closed","ping_status":"closed","template":"","meta":{"inline_featured_image":false},"product_brand":[],"product_cat":[183,301],"product_tag":[276,280,281],"class_list":{"0":"post-19253","1":"product","2":"type-product","3":"status-publish","4":"has-post-thumbnail","6":"product_cat-identificacion-automatica","7":"product_cat-impresoras-portatiles","8":"product_tag-android","9":"product_tag-ios","10":"product_tag-windows","12":"first","13":"instock","14":"shipping-taxable","15":"product-type-simple"},"yoast_head":"<!-- This site is optimized with the Yoast SEO Premium plugin v27.5 (Yoast SEO v27.5) - https:\/\/yoast.com\/product\/yoast-seo-premium-wordpress\/ -->\n<title>DPP-250 - ITOS Technology<\/title>\n<meta name=\"robots\" content=\"noindex, nofollow\" \/>\n<meta property=\"og:locale\" content=\"en_US\" \/>\n<meta property=\"og:type\" content=\"article\" \/>\n<meta property=\"og:title\" content=\"DPP-250\" \/>\n<meta property=\"og:description\" content=\"Nuestras impresoras DPP est\u00e1n equipadas con caracter\u00edsticas \u00fanicas, permitiendo que puedas alcanzar una eficiencia \u00f3ptima. El modelo DPP-250 se caracteriza por su c\u00f3modo tama\u00f1o y por su rapidez: permite imprimir tickets con una anchura de 58 mm a una velocidad de 80 mm por segundo, con una alta resoluci\u00f3n de hasta 203 dpi. Por ello, [&hellip;]\" \/>\n<meta property=\"og:url\" content=\"https:\/\/itos.es\/en\/tienda\/identificacion-automatica\/impresoras-portatiles\/dpp-250\/\" \/>\n<meta property=\"og:site_name\" content=\"ITOS Technology\" \/>\n<meta property=\"article:modified_time\" content=\"2025-12-19T12:54:35+00:00\" \/>\n<meta property=\"og:image\" content=\"https:\/\/itos.es\/wp-content\/uploads\/2023\/09\/DPP-250.png\" \/>\n\t<meta property=\"og:image:width\" content=\"3308\" \/>\n\t<meta property=\"og:image:height\" content=\"3308\" \/>\n\t<meta property=\"og:image:type\" content=\"image\/png\" \/>\n<meta name=\"twitter:card\" content=\"summary_large_image\" \/>\n<meta name=\"twitter:site\" content=\"@info_ITOS\" \/>\n<meta name=\"twitter:label1\" content=\"Est. reading time\" \/>\n\t<meta name=\"twitter:data1\" content=\"1 minute\" \/>\n<script type=\"application\/ld+json\" class=\"yoast-schema-graph\">{\"@context\":\"https:\\\/\\\/schema.org\",\"@graph\":[{\"@type\":\"WebPage\",\"@id\":\"https:\\\/\\\/itos.es\\\/en\\\/tienda\\\/identificacion-automatica\\\/impresoras-portatiles\\\/dpp-250\\\/\",\"url\":\"https:\\\/\\\/itos.es\\\/en\\\/tienda\\\/identificacion-automatica\\\/impresoras-portatiles\\\/dpp-250\\\/\",\"name\":\"DPP-250 - ITOS Technology\",\"isPartOf\":{\"@id\":\"https:\\\/\\\/itos.es\\\/en\\\/#website\"},\"primaryImageOfPage\":{\"@id\":\"https:\\\/\\\/itos.es\\\/en\\\/tienda\\\/identificacion-automatica\\\/impresoras-portatiles\\\/dpp-250\\\/#primaryimage\"},\"image\":{\"@id\":\"https:\\\/\\\/itos.es\\\/en\\\/tienda\\\/identificacion-automatica\\\/impresoras-portatiles\\\/dpp-250\\\/#primaryimage\"},\"thumbnailUrl\":\"https:\\\/\\\/itos.es\\\/wp-content\\\/uploads\\\/2023\\\/09\\\/DPP-250.png\",\"datePublished\":\"2025-06-17T12:15:27+00:00\",\"dateModified\":\"2025-12-19T12:54:35+00:00\",\"breadcrumb\":{\"@id\":\"https:\\\/\\\/itos.es\\\/en\\\/tienda\\\/identificacion-automatica\\\/impresoras-portatiles\\\/dpp-250\\\/#breadcrumb\"},\"inLanguage\":\"en-US\",\"potentialAction\":[{\"@type\":\"ReadAction\",\"target\":[\"https:\\\/\\\/itos.es\\\/en\\\/tienda\\\/identificacion-automatica\\\/impresoras-portatiles\\\/dpp-250\\\/\"]}]},{\"@type\":\"ImageObject\",\"inLanguage\":\"en-US\",\"@id\":\"https:\\\/\\\/itos.es\\\/en\\\/tienda\\\/identificacion-automatica\\\/impresoras-portatiles\\\/dpp-250\\\/#primaryimage\",\"url\":\"https:\\\/\\\/itos.es\\\/wp-content\\\/uploads\\\/2023\\\/09\\\/DPP-250.png\",\"contentUrl\":\"https:\\\/\\\/itos.es\\\/wp-content\\\/uploads\\\/2023\\\/09\\\/DPP-250.png\",\"width\":3308,\"height\":3308},{\"@type\":\"BreadcrumbList\",\"@id\":\"https:\\\/\\\/itos.es\\\/en\\\/tienda\\\/identificacion-automatica\\\/impresoras-portatiles\\\/dpp-250\\\/#breadcrumb\",\"itemListElement\":[{\"@type\":\"ListItem\",\"position\":1,\"name\":\"Portada\",\"item\":\"https:\\\/\\\/itos.es\\\/en\\\/\"},{\"@type\":\"ListItem\",\"position\":2,\"name\":\"Products\",\"item\":\"https:\\\/\\\/itos.es\\\/en\\\/shop\\\/\"},{\"@type\":\"ListItem\",\"position\":3,\"name\":\"DPP-250\"}]},{\"@type\":\"WebSite\",\"@id\":\"https:\\\/\\\/itos.es\\\/en\\\/#website\",\"url\":\"https:\\\/\\\/itos.es\\\/en\\\/\",\"name\":\"ITOS Technology\",\"description\":\"Pagos y AIDC\",\"publisher\":{\"@id\":\"https:\\\/\\\/itos.es\\\/en\\\/#organization\"},\"potentialAction\":[{\"@type\":\"SearchAction\",\"target\":{\"@type\":\"EntryPoint\",\"urlTemplate\":\"https:\\\/\\\/itos.es\\\/en\\\/?s={search_term_string}\"},\"query-input\":{\"@type\":\"PropertyValueSpecification\",\"valueRequired\":true,\"valueName\":\"search_term_string\"}}],\"inLanguage\":\"en-US\"},{\"@type\":\"Organization\",\"@id\":\"https:\\\/\\\/itos.es\\\/en\\\/#organization\",\"name\":\"Itos Technology, S.L.\",\"url\":\"https:\\\/\\\/itos.es\\\/en\\\/\",\"logo\":{\"@type\":\"ImageObject\",\"inLanguage\":\"en-US\",\"@id\":\"https:\\\/\\\/itos.es\\\/en\\\/#\\\/schema\\\/logo\\\/image\\\/\",\"url\":\"https:\\\/\\\/itos.es\\\/wp-content\\\/uploads\\\/2023\\\/05\\\/AZUL_R.svg\",\"contentUrl\":\"https:\\\/\\\/itos.es\\\/wp-content\\\/uploads\\\/2023\\\/05\\\/AZUL_R.svg\",\"caption\":\"Itos Technology, S.L.\"},\"image\":{\"@id\":\"https:\\\/\\\/itos.es\\\/en\\\/#\\\/schema\\\/logo\\\/image\\\/\"},\"sameAs\":[\"https:\\\/\\\/x.com\\\/info_ITOS\",\"https:\\\/\\\/es.linkedin.com\\\/company\\\/itos-technology-s.l.\"]}]}<\/script>\n<!-- \/ Yoast SEO Premium plugin. -->","yoast_head_json":{"title":"DPP-250 - ITOS Technology","robots":{"index":"noindex","follow":"nofollow"},"og_locale":"en_US","og_type":"article","og_title":"DPP-250","og_description":"Nuestras impresoras DPP est\u00e1n equipadas con caracter\u00edsticas \u00fanicas, permitiendo que puedas alcanzar una eficiencia \u00f3ptima. El modelo DPP-250 se caracteriza por su c\u00f3modo tama\u00f1o y por su rapidez: permite imprimir tickets con una anchura de 58 mm a una velocidad de 80 mm por segundo, con una alta resoluci\u00f3n de hasta 203 dpi. Por ello, [&hellip;]","og_url":"https:\/\/itos.es\/en\/tienda\/identificacion-automatica\/impresoras-portatiles\/dpp-250\/","og_site_name":"ITOS Technology","article_modified_time":"2025-12-19T12:54:35+00:00","og_image":[{"width":3308,"height":3308,"url":"https:\/\/itos.es\/wp-content\/uploads\/2023\/09\/DPP-250.png","type":"image\/png"}],"twitter_card":"summary_large_image","twitter_site":"@info_ITOS","twitter_misc":{"Est. reading time":"1 minute"},"schema":{"@context":"https:\/\/schema.org","@graph":[{"@type":"WebPage","@id":"https:\/\/itos.es\/en\/tienda\/identificacion-automatica\/impresoras-portatiles\/dpp-250\/","url":"https:\/\/itos.es\/en\/tienda\/identificacion-automatica\/impresoras-portatiles\/dpp-250\/","name":"DPP-250 - ITOS Technology","isPartOf":{"@id":"https:\/\/itos.es\/en\/#website"},"primaryImageOfPage":{"@id":"https:\/\/itos.es\/en\/tienda\/identificacion-automatica\/impresoras-portatiles\/dpp-250\/#primaryimage"},"image":{"@id":"https:\/\/itos.es\/en\/tienda\/identificacion-automatica\/impresoras-portatiles\/dpp-250\/#primaryimage"},"thumbnailUrl":"https:\/\/itos.es\/wp-content\/uploads\/2023\/09\/DPP-250.png","datePublished":"2025-06-17T12:15:27+00:00","dateModified":"2025-12-19T12:54:35+00:00","breadcrumb":{"@id":"https:\/\/itos.es\/en\/tienda\/identificacion-automatica\/impresoras-portatiles\/dpp-250\/#breadcrumb"},"inLanguage":"en-US","potentialAction":[{"@type":"ReadAction","target":["https:\/\/itos.es\/en\/tienda\/identificacion-automatica\/impresoras-portatiles\/dpp-250\/"]}]},{"@type":"ImageObject","inLanguage":"en-US","@id":"https:\/\/itos.es\/en\/tienda\/identificacion-automatica\/impresoras-portatiles\/dpp-250\/#primaryimage","url":"https:\/\/itos.es\/wp-content\/uploads\/2023\/09\/DPP-250.png","contentUrl":"https:\/\/itos.es\/wp-content\/uploads\/2023\/09\/DPP-250.png","width":3308,"height":3308},{"@type":"BreadcrumbList","@id":"https:\/\/itos.es\/en\/tienda\/identificacion-automatica\/impresoras-portatiles\/dpp-250\/#breadcrumb","itemListElement":[{"@type":"ListItem","position":1,"name":"Portada","item":"https:\/\/itos.es\/en\/"},{"@type":"ListItem","position":2,"name":"Products","item":"https:\/\/itos.es\/en\/shop\/"},{"@type":"ListItem","position":3,"name":"DPP-250"}]},{"@type":"WebSite","@id":"https:\/\/itos.es\/en\/#website","url":"https:\/\/itos.es\/en\/","name":"ITOS Technology","description":"Pagos y AIDC","publisher":{"@id":"https:\/\/itos.es\/en\/#organization"},"potentialAction":[{"@type":"SearchAction","target":{"@type":"EntryPoint","urlTemplate":"https:\/\/itos.es\/en\/?s={search_term_string}"},"query-input":{"@type":"PropertyValueSpecification","valueRequired":true,"valueName":"search_term_string"}}],"inLanguage":"en-US"},{"@type":"Organization","@id":"https:\/\/itos.es\/en\/#organization","name":"Itos Technology, S.L.","url":"https:\/\/itos.es\/en\/","logo":{"@type":"ImageObject","inLanguage":"en-US","@id":"https:\/\/itos.es\/en\/#\/schema\/logo\/image\/","url":"https:\/\/itos.es\/wp-content\/uploads\/2023\/05\/AZUL_R.svg","contentUrl":"https:\/\/itos.es\/wp-content\/uploads\/2023\/05\/AZUL_R.svg","caption":"Itos Technology, S.L."},"image":{"@id":"https:\/\/itos.es\/en\/#\/schema\/logo\/image\/"},"sameAs":["https:\/\/x.com\/info_ITOS","https:\/\/es.linkedin.com\/company\/itos-technology-s.l."]}]}},"_links":{"self":[{"href":"https:\/\/itos.es\/en\/wp-json\/wp\/v2\/product\/19253","targetHints":{"allow":["GET"]}}],"collection":[{"href":"https:\/\/itos.es\/en\/wp-json\/wp\/v2\/product"}],"about":[{"href":"https:\/\/itos.es\/en\/wp-json\/wp\/v2\/types\/product"}],"replies":[{"embeddable":true,"href":"https:\/\/itos.es\/en\/wp-json\/wp\/v2\/comments?post=19253"}],"wp:featuredmedia":[{"embeddable":true,"href":"https:\/\/itos.es\/en\/wp-json\/wp\/v2\/media\/10680"}],"wp:attachment":[{"href":"https:\/\/itos.es\/en\/wp-json\/wp\/v2\/media?parent=19253"}],"wp:term":[{"taxonomy":"product_brand","embeddable":true,"href":"https:\/\/itos.es\/en\/wp-json\/wp\/v2\/product_brand?post=19253"},{"taxonomy":"product_cat","embeddable":true,"href":"https:\/\/itos.es\/en\/wp-json\/wp\/v2\/product_cat?post=19253"},{"taxonomy":"product_tag","embeddable":true,"href":"https:\/\/itos.es\/en\/wp-json\/wp\/v2\/product_tag?post=19253"}],"curies":[{"name":"wp","href":"https:\/\/api.w.org\/{rel}","templated":true}]}}