{"id":19252,"date":"2025-06-17T14:11:18","date_gmt":"2025-06-17T12:11:18","guid":{"rendered":"https:\/\/itos.es\/itos-new\/?post_type=product&#038;p=19252"},"modified":"2025-12-19T13:54:39","modified_gmt":"2025-12-19T12:54:39","slug":"irp-58","status":"publish","type":"product","link":"https:\/\/itos.es\/en\/tienda\/identificacion-automatica\/impresoras-portatiles\/irp-58\/","title":{"rendered":"IRP-58"},"content":{"rendered":"<p>Descubre la impresora t\u00e9rmica IRP-58, gracias a su tama\u00f1o compacto y su peso ligero, esta soluci\u00f3n es capaz de imprimir recibos de 58 mm a una velocidad de hasta 90 mm por segundo. Presenta una bater\u00eda de 1.500 mAh, brind\u00e1ndote as\u00ed la libertad de trabajar durante horas, garantizando una autonom\u00eda prolongada. Este dispositivo port\u00e1til tiene Bluetooth 4.0, por lo que puede integrarse perfectamente con tu handheld u otros dispositivos, permiti\u00e9ndote imprimir la informaci\u00f3n que necesites al instante.<\/p>\n","protected":false},"excerpt":{"rendered":"<p>Descubre la impresora t\u00e9rmica IRP-58, gracias a su tama\u00f1o compacto y su peso ligero, esta soluci\u00f3n es capaz de imprimir recibos de 58 mm a una velocidad de hasta 90 mm por segundo. Presenta una bater\u00eda de 1.500 mAh, brind\u00e1ndote as\u00ed la libertad de trabajar durante horas, garantizando una autonom\u00eda prolongada. Este dispositivo port\u00e1til tiene [&hellip;]<\/p>\n","protected":false},"featured_media":10661,"comment_status":"closed","ping_status":"closed","template":"","meta":{"inline_featured_image":false},"product_brand":[],"product_cat":[183,301],"product_tag":[288,276,284,280,275,281],"class_list":{"0":"post-19252","1":"product","2":"type-product","3":"status-publish","4":"has-post-thumbnail","6":"product_cat-identificacion-automatica","7":"product_cat-impresoras-portatiles","8":"product_tag-1d-2d","9":"product_tag-android","10":"product_tag-bluetooth","11":"product_tag-ios","12":"product_tag-movil","13":"product_tag-windows","15":"first","16":"instock","17":"shipping-taxable","18":"product-type-simple"},"yoast_head":"<!-- This site is optimized with the Yoast SEO Premium plugin v27.5 (Yoast SEO v27.5) - https:\/\/yoast.com\/product\/yoast-seo-premium-wordpress\/ -->\n<title>IRP-58 - ITOS Technology<\/title>\n<meta name=\"robots\" content=\"noindex, nofollow\" \/>\n<meta property=\"og:locale\" content=\"en_US\" \/>\n<meta property=\"og:type\" content=\"article\" \/>\n<meta property=\"og:title\" content=\"IRP-58\" \/>\n<meta property=\"og:description\" content=\"Descubre la impresora t\u00e9rmica IRP-58, gracias a su tama\u00f1o compacto y su peso ligero, esta soluci\u00f3n es capaz de imprimir recibos de 58 mm a una velocidad de hasta 90 mm por segundo. Presenta una bater\u00eda de 1.500 mAh, brind\u00e1ndote as\u00ed la libertad de trabajar durante horas, garantizando una autonom\u00eda prolongada. Este dispositivo port\u00e1til tiene [&hellip;]\" \/>\n<meta property=\"og:url\" content=\"https:\/\/itos.es\/en\/tienda\/identificacion-automatica\/impresoras-portatiles\/irp-58\/\" \/>\n<meta property=\"og:site_name\" content=\"ITOS Technology\" \/>\n<meta property=\"article:modified_time\" content=\"2025-12-19T12:54:39+00:00\" \/>\n<meta property=\"og:image\" content=\"https:\/\/itos.es\/wp-content\/uploads\/2023\/09\/IRP-58BT_logoITOS_NUEVO_transparente.png\" \/>\n\t<meta property=\"og:image:width\" content=\"1080\" \/>\n\t<meta property=\"og:image:height\" content=\"1342\" \/>\n\t<meta property=\"og:image:type\" content=\"image\/png\" \/>\n<meta name=\"twitter:card\" content=\"summary_large_image\" \/>\n<meta name=\"twitter:site\" content=\"@info_ITOS\" \/>\n<meta name=\"twitter:label1\" content=\"Est. reading time\" \/>\n\t<meta name=\"twitter:data1\" content=\"1 minute\" \/>\n<script type=\"application\/ld+json\" class=\"yoast-schema-graph\">{\"@context\":\"https:\\\/\\\/schema.org\",\"@graph\":[{\"@type\":\"WebPage\",\"@id\":\"https:\\\/\\\/itos.es\\\/en\\\/tienda\\\/identificacion-automatica\\\/impresoras-portatiles\\\/irp-58\\\/\",\"url\":\"https:\\\/\\\/itos.es\\\/en\\\/tienda\\\/identificacion-automatica\\\/impresoras-portatiles\\\/irp-58\\\/\",\"name\":\"IRP-58 - ITOS Technology\",\"isPartOf\":{\"@id\":\"https:\\\/\\\/itos.es\\\/en\\\/#website\"},\"primaryImageOfPage\":{\"@id\":\"https:\\\/\\\/itos.es\\\/en\\\/tienda\\\/identificacion-automatica\\\/impresoras-portatiles\\\/irp-58\\\/#primaryimage\"},\"image\":{\"@id\":\"https:\\\/\\\/itos.es\\\/en\\\/tienda\\\/identificacion-automatica\\\/impresoras-portatiles\\\/irp-58\\\/#primaryimage\"},\"thumbnailUrl\":\"https:\\\/\\\/itos.es\\\/wp-content\\\/uploads\\\/2023\\\/09\\\/IRP-58BT_logoITOS_NUEVO_transparente.png\",\"datePublished\":\"2025-06-17T12:11:18+00:00\",\"dateModified\":\"2025-12-19T12:54:39+00:00\",\"breadcrumb\":{\"@id\":\"https:\\\/\\\/itos.es\\\/en\\\/tienda\\\/identificacion-automatica\\\/impresoras-portatiles\\\/irp-58\\\/#breadcrumb\"},\"inLanguage\":\"en-US\",\"potentialAction\":[{\"@type\":\"ReadAction\",\"target\":[\"https:\\\/\\\/itos.es\\\/en\\\/tienda\\\/identificacion-automatica\\\/impresoras-portatiles\\\/irp-58\\\/\"]}]},{\"@type\":\"ImageObject\",\"inLanguage\":\"en-US\",\"@id\":\"https:\\\/\\\/itos.es\\\/en\\\/tienda\\\/identificacion-automatica\\\/impresoras-portatiles\\\/irp-58\\\/#primaryimage\",\"url\":\"https:\\\/\\\/itos.es\\\/wp-content\\\/uploads\\\/2023\\\/09\\\/IRP-58BT_logoITOS_NUEVO_transparente.png\",\"contentUrl\":\"https:\\\/\\\/itos.es\\\/wp-content\\\/uploads\\\/2023\\\/09\\\/IRP-58BT_logoITOS_NUEVO_transparente.png\",\"width\":\"1080\",\"height\":\"1342\"},{\"@type\":\"BreadcrumbList\",\"@id\":\"https:\\\/\\\/itos.es\\\/en\\\/tienda\\\/identificacion-automatica\\\/impresoras-portatiles\\\/irp-58\\\/#breadcrumb\",\"itemListElement\":[{\"@type\":\"ListItem\",\"position\":1,\"name\":\"Portada\",\"item\":\"https:\\\/\\\/itos.es\\\/en\\\/\"},{\"@type\":\"ListItem\",\"position\":2,\"name\":\"Products\",\"item\":\"https:\\\/\\\/itos.es\\\/en\\\/shop\\\/\"},{\"@type\":\"ListItem\",\"position\":3,\"name\":\"IRP-58\"}]},{\"@type\":\"WebSite\",\"@id\":\"https:\\\/\\\/itos.es\\\/en\\\/#website\",\"url\":\"https:\\\/\\\/itos.es\\\/en\\\/\",\"name\":\"ITOS Technology\",\"description\":\"Pagos y AIDC\",\"publisher\":{\"@id\":\"https:\\\/\\\/itos.es\\\/en\\\/#organization\"},\"potentialAction\":[{\"@type\":\"SearchAction\",\"target\":{\"@type\":\"EntryPoint\",\"urlTemplate\":\"https:\\\/\\\/itos.es\\\/en\\\/?s={search_term_string}\"},\"query-input\":{\"@type\":\"PropertyValueSpecification\",\"valueRequired\":true,\"valueName\":\"search_term_string\"}}],\"inLanguage\":\"en-US\"},{\"@type\":\"Organization\",\"@id\":\"https:\\\/\\\/itos.es\\\/en\\\/#organization\",\"name\":\"Itos Technology, S.L.\",\"url\":\"https:\\\/\\\/itos.es\\\/en\\\/\",\"logo\":{\"@type\":\"ImageObject\",\"inLanguage\":\"en-US\",\"@id\":\"https:\\\/\\\/itos.es\\\/en\\\/#\\\/schema\\\/logo\\\/image\\\/\",\"url\":\"https:\\\/\\\/itos.es\\\/wp-content\\\/uploads\\\/2023\\\/05\\\/AZUL_R.svg\",\"contentUrl\":\"https:\\\/\\\/itos.es\\\/wp-content\\\/uploads\\\/2023\\\/05\\\/AZUL_R.svg\",\"caption\":\"Itos Technology, S.L.\"},\"image\":{\"@id\":\"https:\\\/\\\/itos.es\\\/en\\\/#\\\/schema\\\/logo\\\/image\\\/\"},\"sameAs\":[\"https:\\\/\\\/x.com\\\/info_ITOS\",\"https:\\\/\\\/es.linkedin.com\\\/company\\\/itos-technology-s.l.\"]}]}<\/script>\n<!-- \/ Yoast SEO Premium plugin. -->","yoast_head_json":{"title":"IRP-58 - ITOS Technology","robots":{"index":"noindex","follow":"nofollow"},"og_locale":"en_US","og_type":"article","og_title":"IRP-58","og_description":"Descubre la impresora t\u00e9rmica IRP-58, gracias a su tama\u00f1o compacto y su peso ligero, esta soluci\u00f3n es capaz de imprimir recibos de 58 mm a una velocidad de hasta 90 mm por segundo. Presenta una bater\u00eda de 1.500 mAh, brind\u00e1ndote as\u00ed la libertad de trabajar durante horas, garantizando una autonom\u00eda prolongada. Este dispositivo port\u00e1til tiene [&hellip;]","og_url":"https:\/\/itos.es\/en\/tienda\/identificacion-automatica\/impresoras-portatiles\/irp-58\/","og_site_name":"ITOS Technology","article_modified_time":"2025-12-19T12:54:39+00:00","og_image":[{"width":1080,"height":1342,"url":"https:\/\/itos.es\/wp-content\/uploads\/2023\/09\/IRP-58BT_logoITOS_NUEVO_transparente.png","type":"image\/png"}],"twitter_card":"summary_large_image","twitter_site":"@info_ITOS","twitter_misc":{"Est. reading time":"1 minute"},"schema":{"@context":"https:\/\/schema.org","@graph":[{"@type":"WebPage","@id":"https:\/\/itos.es\/en\/tienda\/identificacion-automatica\/impresoras-portatiles\/irp-58\/","url":"https:\/\/itos.es\/en\/tienda\/identificacion-automatica\/impresoras-portatiles\/irp-58\/","name":"IRP-58 - ITOS Technology","isPartOf":{"@id":"https:\/\/itos.es\/en\/#website"},"primaryImageOfPage":{"@id":"https:\/\/itos.es\/en\/tienda\/identificacion-automatica\/impresoras-portatiles\/irp-58\/#primaryimage"},"image":{"@id":"https:\/\/itos.es\/en\/tienda\/identificacion-automatica\/impresoras-portatiles\/irp-58\/#primaryimage"},"thumbnailUrl":"https:\/\/itos.es\/wp-content\/uploads\/2023\/09\/IRP-58BT_logoITOS_NUEVO_transparente.png","datePublished":"2025-06-17T12:11:18+00:00","dateModified":"2025-12-19T12:54:39+00:00","breadcrumb":{"@id":"https:\/\/itos.es\/en\/tienda\/identificacion-automatica\/impresoras-portatiles\/irp-58\/#breadcrumb"},"inLanguage":"en-US","potentialAction":[{"@type":"ReadAction","target":["https:\/\/itos.es\/en\/tienda\/identificacion-automatica\/impresoras-portatiles\/irp-58\/"]}]},{"@type":"ImageObject","inLanguage":"en-US","@id":"https:\/\/itos.es\/en\/tienda\/identificacion-automatica\/impresoras-portatiles\/irp-58\/#primaryimage","url":"https:\/\/itos.es\/wp-content\/uploads\/2023\/09\/IRP-58BT_logoITOS_NUEVO_transparente.png","contentUrl":"https:\/\/itos.es\/wp-content\/uploads\/2023\/09\/IRP-58BT_logoITOS_NUEVO_transparente.png","width":"1080","height":"1342"},{"@type":"BreadcrumbList","@id":"https:\/\/itos.es\/en\/tienda\/identificacion-automatica\/impresoras-portatiles\/irp-58\/#breadcrumb","itemListElement":[{"@type":"ListItem","position":1,"name":"Portada","item":"https:\/\/itos.es\/en\/"},{"@type":"ListItem","position":2,"name":"Products","item":"https:\/\/itos.es\/en\/shop\/"},{"@type":"ListItem","position":3,"name":"IRP-58"}]},{"@type":"WebSite","@id":"https:\/\/itos.es\/en\/#website","url":"https:\/\/itos.es\/en\/","name":"ITOS Technology","description":"Pagos y AIDC","publisher":{"@id":"https:\/\/itos.es\/en\/#organization"},"potentialAction":[{"@type":"SearchAction","target":{"@type":"EntryPoint","urlTemplate":"https:\/\/itos.es\/en\/?s={search_term_string}"},"query-input":{"@type":"PropertyValueSpecification","valueRequired":true,"valueName":"search_term_string"}}],"inLanguage":"en-US"},{"@type":"Organization","@id":"https:\/\/itos.es\/en\/#organization","name":"Itos Technology, S.L.","url":"https:\/\/itos.es\/en\/","logo":{"@type":"ImageObject","inLanguage":"en-US","@id":"https:\/\/itos.es\/en\/#\/schema\/logo\/image\/","url":"https:\/\/itos.es\/wp-content\/uploads\/2023\/05\/AZUL_R.svg","contentUrl":"https:\/\/itos.es\/wp-content\/uploads\/2023\/05\/AZUL_R.svg","caption":"Itos Technology, S.L."},"image":{"@id":"https:\/\/itos.es\/en\/#\/schema\/logo\/image\/"},"sameAs":["https:\/\/x.com\/info_ITOS","https:\/\/es.linkedin.com\/company\/itos-technology-s.l."]}]}},"_links":{"self":[{"href":"https:\/\/itos.es\/en\/wp-json\/wp\/v2\/product\/19252","targetHints":{"allow":["GET"]}}],"collection":[{"href":"https:\/\/itos.es\/en\/wp-json\/wp\/v2\/product"}],"about":[{"href":"https:\/\/itos.es\/en\/wp-json\/wp\/v2\/types\/product"}],"replies":[{"embeddable":true,"href":"https:\/\/itos.es\/en\/wp-json\/wp\/v2\/comments?post=19252"}],"wp:featuredmedia":[{"embeddable":true,"href":"https:\/\/itos.es\/en\/wp-json\/wp\/v2\/media\/10661"}],"wp:attachment":[{"href":"https:\/\/itos.es\/en\/wp-json\/wp\/v2\/media?parent=19252"}],"wp:term":[{"taxonomy":"product_brand","embeddable":true,"href":"https:\/\/itos.es\/en\/wp-json\/wp\/v2\/product_brand?post=19252"},{"taxonomy":"product_cat","embeddable":true,"href":"https:\/\/itos.es\/en\/wp-json\/wp\/v2\/product_cat?post=19252"},{"taxonomy":"product_tag","embeddable":true,"href":"https:\/\/itos.es\/en\/wp-json\/wp\/v2\/product_tag?post=19252"}],"curies":[{"name":"wp","href":"https:\/\/api.w.org\/{rel}","templated":true}]}}