{"id":19240,"date":"2025-06-17T12:51:53","date_gmt":"2025-06-17T10:51:53","guid":{"rendered":"https:\/\/itos.es\/itos-new\/?post_type=product&#038;p=19240"},"modified":"2025-12-19T13:55:00","modified_gmt":"2025-12-19T12:55:00","slug":"ic-58l","status":"publish","type":"product","link":"https:\/\/itos.es\/en\/tienda\/identificacion-automatica\/handhelds\/ic-58l\/","title":{"rendered":"IC-58L"},"content":{"rendered":"<p>IC-58L<br \/>\nLong Range Handheld<\/p>\n<p>Descubre el poder de largo alcance de la serie IC-58: la soluci\u00f3n ITOS IC-58L. Este dispositivo tiene la capacidad de leer c\u00f3digos de barras 1D y 2D a distancias de hasta 14 metros, permitiendo agilizar y facilitar el trabajo de control de stock y de gesti\u00f3n de inventario en almac\u00e9n y log\u00edstica, asegurando un trabajo eficiente en entornos amplios y exigentes. Con sistema operativo Android 13 y una bater\u00eda extendida de 6.200 mAh, garantiza el buen rendimiento en su funcionamiento, as\u00ed como una larga duraci\u00f3n para que no se vea interrumpida la tarea durante la jornada de trabajo. Adem\u00e1s, la posibilidad de mejorar su ergonom\u00eda gracias al accesorio pistol-grip proporciona un agarre c\u00f3modo, reduciendo la fatiga y facilitando el uso prolongado del IC-58L.<\/p>\n","protected":false},"excerpt":{"rendered":"<p>IC-58L Long Range Handheld Descubre el poder de largo alcance de la serie IC-58: la soluci\u00f3n ITOS IC-58L. Este dispositivo tiene la capacidad de leer c\u00f3digos de barras 1D y 2D a distancias de hasta 14 metros, permitiendo agilizar y facilitar el trabajo de control de stock y de gesti\u00f3n de inventario en almac\u00e9n y [&hellip;]<\/p>\n","protected":false},"featured_media":9509,"comment_status":"closed","ping_status":"closed","template":"","meta":{"inline_featured_image":false},"product_brand":[],"product_cat":[155,183],"product_tag":[288,276,284,290,275,291],"class_list":{"0":"post-19240","1":"product","2":"type-product","3":"status-publish","4":"has-post-thumbnail","6":"product_cat-handhelds","7":"product_cat-identificacion-automatica","8":"product_tag-1d-2d","9":"product_tag-android","10":"product_tag-bluetooth","11":"product_tag-hf-uhf","12":"product_tag-movil","13":"product_tag-wifi-dual","15":"first","16":"instock","17":"shipping-taxable","18":"product-type-simple"},"yoast_head":"<!-- This site is optimized with the Yoast SEO Premium plugin v27.5 (Yoast SEO v27.5) - https:\/\/yoast.com\/product\/yoast-seo-premium-wordpress\/ -->\n<title>IC-58L - ITOS Technology<\/title>\n<meta name=\"robots\" content=\"noindex, nofollow\" \/>\n<meta property=\"og:locale\" content=\"en_US\" \/>\n<meta property=\"og:type\" content=\"article\" \/>\n<meta property=\"og:title\" content=\"IC-58L\" \/>\n<meta property=\"og:description\" content=\"IC-58L Long Range Handheld Descubre el poder de largo alcance de la serie IC-58: la soluci\u00f3n ITOS IC-58L. Este dispositivo tiene la capacidad de leer c\u00f3digos de barras 1D y 2D a distancias de hasta 14 metros, permitiendo agilizar y facilitar el trabajo de control de stock y de gesti\u00f3n de inventario en almac\u00e9n y [&hellip;]\" \/>\n<meta property=\"og:url\" content=\"https:\/\/itos.es\/en\/tienda\/identificacion-automatica\/handhelds\/ic-58l\/\" \/>\n<meta property=\"og:site_name\" content=\"ITOS Technology\" \/>\n<meta property=\"article:modified_time\" content=\"2025-12-19T12:55:00+00:00\" \/>\n<meta property=\"og:image\" content=\"https:\/\/itos.es\/wp-content\/uploads\/2023\/06\/IC-58_new.png\" \/>\n\t<meta property=\"og:image:width\" content=\"612\" \/>\n\t<meta property=\"og:image:height\" content=\"770\" \/>\n\t<meta property=\"og:image:type\" content=\"image\/png\" \/>\n<meta name=\"twitter:card\" content=\"summary_large_image\" \/>\n<meta name=\"twitter:site\" content=\"@info_ITOS\" \/>\n<meta name=\"twitter:label1\" content=\"Est. reading time\" \/>\n\t<meta name=\"twitter:data1\" content=\"1 minute\" \/>\n<script type=\"application\/ld+json\" class=\"yoast-schema-graph\">{\"@context\":\"https:\\\/\\\/schema.org\",\"@graph\":[{\"@type\":\"WebPage\",\"@id\":\"https:\\\/\\\/itos.es\\\/en\\\/tienda\\\/identificacion-automatica\\\/handhelds\\\/ic-58l\\\/\",\"url\":\"https:\\\/\\\/itos.es\\\/en\\\/tienda\\\/identificacion-automatica\\\/handhelds\\\/ic-58l\\\/\",\"name\":\"IC-58L - ITOS Technology\",\"isPartOf\":{\"@id\":\"https:\\\/\\\/itos.es\\\/en\\\/#website\"},\"primaryImageOfPage\":{\"@id\":\"https:\\\/\\\/itos.es\\\/en\\\/tienda\\\/identificacion-automatica\\\/handhelds\\\/ic-58l\\\/#primaryimage\"},\"image\":{\"@id\":\"https:\\\/\\\/itos.es\\\/en\\\/tienda\\\/identificacion-automatica\\\/handhelds\\\/ic-58l\\\/#primaryimage\"},\"thumbnailUrl\":\"https:\\\/\\\/itos.es\\\/wp-content\\\/uploads\\\/2023\\\/06\\\/IC-58_new.png\",\"datePublished\":\"2025-06-17T10:51:53+00:00\",\"dateModified\":\"2025-12-19T12:55:00+00:00\",\"breadcrumb\":{\"@id\":\"https:\\\/\\\/itos.es\\\/en\\\/tienda\\\/identificacion-automatica\\\/handhelds\\\/ic-58l\\\/#breadcrumb\"},\"inLanguage\":\"en-US\",\"potentialAction\":[{\"@type\":\"ReadAction\",\"target\":[\"https:\\\/\\\/itos.es\\\/en\\\/tienda\\\/identificacion-automatica\\\/handhelds\\\/ic-58l\\\/\"]}]},{\"@type\":\"ImageObject\",\"inLanguage\":\"en-US\",\"@id\":\"https:\\\/\\\/itos.es\\\/en\\\/tienda\\\/identificacion-automatica\\\/handhelds\\\/ic-58l\\\/#primaryimage\",\"url\":\"https:\\\/\\\/itos.es\\\/wp-content\\\/uploads\\\/2023\\\/06\\\/IC-58_new.png\",\"contentUrl\":\"https:\\\/\\\/itos.es\\\/wp-content\\\/uploads\\\/2023\\\/06\\\/IC-58_new.png\",\"width\":\"612\",\"height\":\"770\",\"caption\":\"Handheld IC-58\"},{\"@type\":\"BreadcrumbList\",\"@id\":\"https:\\\/\\\/itos.es\\\/en\\\/tienda\\\/identificacion-automatica\\\/handhelds\\\/ic-58l\\\/#breadcrumb\",\"itemListElement\":[{\"@type\":\"ListItem\",\"position\":1,\"name\":\"Portada\",\"item\":\"https:\\\/\\\/itos.es\\\/en\\\/\"},{\"@type\":\"ListItem\",\"position\":2,\"name\":\"Products\",\"item\":\"https:\\\/\\\/itos.es\\\/en\\\/shop\\\/\"},{\"@type\":\"ListItem\",\"position\":3,\"name\":\"IC-58L\"}]},{\"@type\":\"WebSite\",\"@id\":\"https:\\\/\\\/itos.es\\\/en\\\/#website\",\"url\":\"https:\\\/\\\/itos.es\\\/en\\\/\",\"name\":\"ITOS Technology\",\"description\":\"Pagos y AIDC\",\"publisher\":{\"@id\":\"https:\\\/\\\/itos.es\\\/en\\\/#organization\"},\"potentialAction\":[{\"@type\":\"SearchAction\",\"target\":{\"@type\":\"EntryPoint\",\"urlTemplate\":\"https:\\\/\\\/itos.es\\\/en\\\/?s={search_term_string}\"},\"query-input\":{\"@type\":\"PropertyValueSpecification\",\"valueRequired\":true,\"valueName\":\"search_term_string\"}}],\"inLanguage\":\"en-US\"},{\"@type\":\"Organization\",\"@id\":\"https:\\\/\\\/itos.es\\\/en\\\/#organization\",\"name\":\"Itos Technology, S.L.\",\"url\":\"https:\\\/\\\/itos.es\\\/en\\\/\",\"logo\":{\"@type\":\"ImageObject\",\"inLanguage\":\"en-US\",\"@id\":\"https:\\\/\\\/itos.es\\\/en\\\/#\\\/schema\\\/logo\\\/image\\\/\",\"url\":\"https:\\\/\\\/itos.es\\\/wp-content\\\/uploads\\\/2023\\\/05\\\/AZUL_R.svg\",\"contentUrl\":\"https:\\\/\\\/itos.es\\\/wp-content\\\/uploads\\\/2023\\\/05\\\/AZUL_R.svg\",\"caption\":\"Itos Technology, S.L.\"},\"image\":{\"@id\":\"https:\\\/\\\/itos.es\\\/en\\\/#\\\/schema\\\/logo\\\/image\\\/\"},\"sameAs\":[\"https:\\\/\\\/x.com\\\/info_ITOS\",\"https:\\\/\\\/es.linkedin.com\\\/company\\\/itos-technology-s.l.\"]}]}<\/script>\n<!-- \/ Yoast SEO Premium plugin. -->","yoast_head_json":{"title":"IC-58L - ITOS Technology","robots":{"index":"noindex","follow":"nofollow"},"og_locale":"en_US","og_type":"article","og_title":"IC-58L","og_description":"IC-58L Long Range Handheld Descubre el poder de largo alcance de la serie IC-58: la soluci\u00f3n ITOS IC-58L. Este dispositivo tiene la capacidad de leer c\u00f3digos de barras 1D y 2D a distancias de hasta 14 metros, permitiendo agilizar y facilitar el trabajo de control de stock y de gesti\u00f3n de inventario en almac\u00e9n y [&hellip;]","og_url":"https:\/\/itos.es\/en\/tienda\/identificacion-automatica\/handhelds\/ic-58l\/","og_site_name":"ITOS Technology","article_modified_time":"2025-12-19T12:55:00+00:00","og_image":[{"width":612,"height":770,"url":"https:\/\/itos.es\/wp-content\/uploads\/2023\/06\/IC-58_new.png","type":"image\/png"}],"twitter_card":"summary_large_image","twitter_site":"@info_ITOS","twitter_misc":{"Est. reading time":"1 minute"},"schema":{"@context":"https:\/\/schema.org","@graph":[{"@type":"WebPage","@id":"https:\/\/itos.es\/en\/tienda\/identificacion-automatica\/handhelds\/ic-58l\/","url":"https:\/\/itos.es\/en\/tienda\/identificacion-automatica\/handhelds\/ic-58l\/","name":"IC-58L - ITOS Technology","isPartOf":{"@id":"https:\/\/itos.es\/en\/#website"},"primaryImageOfPage":{"@id":"https:\/\/itos.es\/en\/tienda\/identificacion-automatica\/handhelds\/ic-58l\/#primaryimage"},"image":{"@id":"https:\/\/itos.es\/en\/tienda\/identificacion-automatica\/handhelds\/ic-58l\/#primaryimage"},"thumbnailUrl":"https:\/\/itos.es\/wp-content\/uploads\/2023\/06\/IC-58_new.png","datePublished":"2025-06-17T10:51:53+00:00","dateModified":"2025-12-19T12:55:00+00:00","breadcrumb":{"@id":"https:\/\/itos.es\/en\/tienda\/identificacion-automatica\/handhelds\/ic-58l\/#breadcrumb"},"inLanguage":"en-US","potentialAction":[{"@type":"ReadAction","target":["https:\/\/itos.es\/en\/tienda\/identificacion-automatica\/handhelds\/ic-58l\/"]}]},{"@type":"ImageObject","inLanguage":"en-US","@id":"https:\/\/itos.es\/en\/tienda\/identificacion-automatica\/handhelds\/ic-58l\/#primaryimage","url":"https:\/\/itos.es\/wp-content\/uploads\/2023\/06\/IC-58_new.png","contentUrl":"https:\/\/itos.es\/wp-content\/uploads\/2023\/06\/IC-58_new.png","width":"612","height":"770","caption":"Handheld IC-58"},{"@type":"BreadcrumbList","@id":"https:\/\/itos.es\/en\/tienda\/identificacion-automatica\/handhelds\/ic-58l\/#breadcrumb","itemListElement":[{"@type":"ListItem","position":1,"name":"Portada","item":"https:\/\/itos.es\/en\/"},{"@type":"ListItem","position":2,"name":"Products","item":"https:\/\/itos.es\/en\/shop\/"},{"@type":"ListItem","position":3,"name":"IC-58L"}]},{"@type":"WebSite","@id":"https:\/\/itos.es\/en\/#website","url":"https:\/\/itos.es\/en\/","name":"ITOS Technology","description":"Pagos y AIDC","publisher":{"@id":"https:\/\/itos.es\/en\/#organization"},"potentialAction":[{"@type":"SearchAction","target":{"@type":"EntryPoint","urlTemplate":"https:\/\/itos.es\/en\/?s={search_term_string}"},"query-input":{"@type":"PropertyValueSpecification","valueRequired":true,"valueName":"search_term_string"}}],"inLanguage":"en-US"},{"@type":"Organization","@id":"https:\/\/itos.es\/en\/#organization","name":"Itos Technology, S.L.","url":"https:\/\/itos.es\/en\/","logo":{"@type":"ImageObject","inLanguage":"en-US","@id":"https:\/\/itos.es\/en\/#\/schema\/logo\/image\/","url":"https:\/\/itos.es\/wp-content\/uploads\/2023\/05\/AZUL_R.svg","contentUrl":"https:\/\/itos.es\/wp-content\/uploads\/2023\/05\/AZUL_R.svg","caption":"Itos Technology, S.L."},"image":{"@id":"https:\/\/itos.es\/en\/#\/schema\/logo\/image\/"},"sameAs":["https:\/\/x.com\/info_ITOS","https:\/\/es.linkedin.com\/company\/itos-technology-s.l."]}]}},"_links":{"self":[{"href":"https:\/\/itos.es\/en\/wp-json\/wp\/v2\/product\/19240","targetHints":{"allow":["GET"]}}],"collection":[{"href":"https:\/\/itos.es\/en\/wp-json\/wp\/v2\/product"}],"about":[{"href":"https:\/\/itos.es\/en\/wp-json\/wp\/v2\/types\/product"}],"replies":[{"embeddable":true,"href":"https:\/\/itos.es\/en\/wp-json\/wp\/v2\/comments?post=19240"}],"wp:featuredmedia":[{"embeddable":true,"href":"https:\/\/itos.es\/en\/wp-json\/wp\/v2\/media\/9509"}],"wp:attachment":[{"href":"https:\/\/itos.es\/en\/wp-json\/wp\/v2\/media?parent=19240"}],"wp:term":[{"taxonomy":"product_brand","embeddable":true,"href":"https:\/\/itos.es\/en\/wp-json\/wp\/v2\/product_brand?post=19240"},{"taxonomy":"product_cat","embeddable":true,"href":"https:\/\/itos.es\/en\/wp-json\/wp\/v2\/product_cat?post=19240"},{"taxonomy":"product_tag","embeddable":true,"href":"https:\/\/itos.es\/en\/wp-json\/wp\/v2\/product_tag?post=19240"}],"curies":[{"name":"wp","href":"https:\/\/api.w.org\/{rel}","templated":true}]}}