{"id":19239,"date":"2025-06-17T12:49:37","date_gmt":"2025-06-17T10:49:37","guid":{"rendered":"https:\/\/itos.es\/itos-new\/?post_type=product&#038;p=19239"},"modified":"2025-12-19T13:55:04","modified_gmt":"2025-12-19T12:55:04","slug":"ic-58h","status":"publish","type":"product","link":"https:\/\/itos.es\/en\/tienda\/identificacion-automatica\/handhelds\/ic-58h\/","title":{"rendered":"IC-58H"},"content":{"rendered":"<p>Handheld Antimicrobiano<\/p>\n<p>El ITOS IC-58H ha sido dise\u00f1ado para ser la soluci\u00f3n perfecta del sector sanitario, ya que est\u00e1 elaborado con material antimicrobiano que contribuyen a evitar la dispersi\u00f3n de enfermedades, y permite a\u00f1adir la funci\u00f3n de medici\u00f3n de la temperatura. Este terminal ayuda al personal m\u00e9dico a trabajar de forma m\u00e1s eficiente en los m\u00faltiples entornos sanitarios, como en enfermer\u00eda, centros de emergencia o en la trazabilidad de medicamentos y materiales, gracias a la posibilidad de integraci\u00f3n de lector de c\u00f3digo de barras 1D\/2D y RFID. La captura de datos de etiquetas garantiza que los pacientes reciban una buena atenci\u00f3n y que se empleen los medicamentos de manera segura y fiable.<\/p>\n","protected":false},"excerpt":{"rendered":"<p>Handheld Antimicrobiano El ITOS IC-58H ha sido dise\u00f1ado para ser la soluci\u00f3n perfecta del sector sanitario, ya que est\u00e1 elaborado con material antimicrobiano que contribuyen a evitar la dispersi\u00f3n de enfermedades, y permite a\u00f1adir la funci\u00f3n de medici\u00f3n de la temperatura. Este terminal ayuda al personal m\u00e9dico a trabajar de forma m\u00e1s eficiente en los [&hellip;]<\/p>\n","protected":false},"featured_media":12278,"comment_status":"closed","ping_status":"closed","template":"","meta":{"inline_featured_image":false},"product_brand":[],"product_cat":[155,183],"product_tag":[288,276,284,293,290,289,291],"class_list":{"0":"post-19239","1":"product","2":"type-product","3":"status-publish","4":"has-post-thumbnail","6":"product_cat-handhelds","7":"product_cat-identificacion-automatica","8":"product_tag-1d-2d","9":"product_tag-android","10":"product_tag-bluetooth","11":"product_tag-codigos-de-barras","12":"product_tag-hf-uhf","13":"product_tag-rfid","14":"product_tag-wifi-dual","16":"first","17":"instock","18":"shipping-taxable","19":"product-type-simple"},"yoast_head":"<!-- This site is optimized with the Yoast SEO Premium plugin v27.5 (Yoast SEO v27.5) - https:\/\/yoast.com\/product\/yoast-seo-premium-wordpress\/ -->\n<title>IC-58H - ITOS Technology<\/title>\n<meta name=\"robots\" content=\"noindex, nofollow\" \/>\n<meta property=\"og:locale\" content=\"en_US\" \/>\n<meta property=\"og:type\" content=\"article\" \/>\n<meta property=\"og:title\" content=\"IC-58H\" \/>\n<meta property=\"og:description\" content=\"Handheld Antimicrobiano El ITOS IC-58H ha sido dise\u00f1ado para ser la soluci\u00f3n perfecta del sector sanitario, ya que est\u00e1 elaborado con material antimicrobiano que contribuyen a evitar la dispersi\u00f3n de enfermedades, y permite a\u00f1adir la funci\u00f3n de medici\u00f3n de la temperatura. Este terminal ayuda al personal m\u00e9dico a trabajar de forma m\u00e1s eficiente en los [&hellip;]\" \/>\n<meta property=\"og:url\" content=\"https:\/\/itos.es\/en\/tienda\/identificacion-automatica\/handhelds\/ic-58h\/\" \/>\n<meta property=\"og:site_name\" content=\"ITOS Technology\" \/>\n<meta property=\"article:modified_time\" content=\"2025-12-19T12:55:04+00:00\" \/>\n<meta property=\"og:image\" content=\"https:\/\/itos.es\/wp-content\/uploads\/2023\/09\/IC-58-Healthcare_frontback_pantalla-scaled.png\" \/>\n\t<meta property=\"og:image:width\" content=\"1981\" \/>\n\t<meta property=\"og:image:height\" content=\"2560\" \/>\n\t<meta property=\"og:image:type\" content=\"image\/png\" \/>\n<meta name=\"twitter:card\" content=\"summary_large_image\" \/>\n<meta name=\"twitter:site\" content=\"@info_ITOS\" \/>\n<meta name=\"twitter:label1\" content=\"Est. reading time\" \/>\n\t<meta name=\"twitter:data1\" content=\"1 minute\" \/>\n<script type=\"application\/ld+json\" class=\"yoast-schema-graph\">{\"@context\":\"https:\\\/\\\/schema.org\",\"@graph\":[{\"@type\":\"WebPage\",\"@id\":\"https:\\\/\\\/itos.es\\\/en\\\/tienda\\\/identificacion-automatica\\\/handhelds\\\/ic-58h\\\/\",\"url\":\"https:\\\/\\\/itos.es\\\/en\\\/tienda\\\/identificacion-automatica\\\/handhelds\\\/ic-58h\\\/\",\"name\":\"IC-58H - ITOS Technology\",\"isPartOf\":{\"@id\":\"https:\\\/\\\/itos.es\\\/en\\\/#website\"},\"primaryImageOfPage\":{\"@id\":\"https:\\\/\\\/itos.es\\\/en\\\/tienda\\\/identificacion-automatica\\\/handhelds\\\/ic-58h\\\/#primaryimage\"},\"image\":{\"@id\":\"https:\\\/\\\/itos.es\\\/en\\\/tienda\\\/identificacion-automatica\\\/handhelds\\\/ic-58h\\\/#primaryimage\"},\"thumbnailUrl\":\"https:\\\/\\\/itos.es\\\/wp-content\\\/uploads\\\/2023\\\/09\\\/IC-58-Healthcare_frontback_pantalla-scaled.png\",\"datePublished\":\"2025-06-17T10:49:37+00:00\",\"dateModified\":\"2025-12-19T12:55:04+00:00\",\"breadcrumb\":{\"@id\":\"https:\\\/\\\/itos.es\\\/en\\\/tienda\\\/identificacion-automatica\\\/handhelds\\\/ic-58h\\\/#breadcrumb\"},\"inLanguage\":\"en-US\",\"potentialAction\":[{\"@type\":\"ReadAction\",\"target\":[\"https:\\\/\\\/itos.es\\\/en\\\/tienda\\\/identificacion-automatica\\\/handhelds\\\/ic-58h\\\/\"]}]},{\"@type\":\"ImageObject\",\"inLanguage\":\"en-US\",\"@id\":\"https:\\\/\\\/itos.es\\\/en\\\/tienda\\\/identificacion-automatica\\\/handhelds\\\/ic-58h\\\/#primaryimage\",\"url\":\"https:\\\/\\\/itos.es\\\/wp-content\\\/uploads\\\/2023\\\/09\\\/IC-58-Healthcare_frontback_pantalla-scaled.png\",\"contentUrl\":\"https:\\\/\\\/itos.es\\\/wp-content\\\/uploads\\\/2023\\\/09\\\/IC-58-Healthcare_frontback_pantalla-scaled.png\",\"width\":\"1981\",\"height\":\"2560\"},{\"@type\":\"BreadcrumbList\",\"@id\":\"https:\\\/\\\/itos.es\\\/en\\\/tienda\\\/identificacion-automatica\\\/handhelds\\\/ic-58h\\\/#breadcrumb\",\"itemListElement\":[{\"@type\":\"ListItem\",\"position\":1,\"name\":\"Portada\",\"item\":\"https:\\\/\\\/itos.es\\\/en\\\/\"},{\"@type\":\"ListItem\",\"position\":2,\"name\":\"Products\",\"item\":\"https:\\\/\\\/itos.es\\\/en\\\/shop\\\/\"},{\"@type\":\"ListItem\",\"position\":3,\"name\":\"IC-58H\"}]},{\"@type\":\"WebSite\",\"@id\":\"https:\\\/\\\/itos.es\\\/en\\\/#website\",\"url\":\"https:\\\/\\\/itos.es\\\/en\\\/\",\"name\":\"ITOS Technology\",\"description\":\"Pagos y AIDC\",\"publisher\":{\"@id\":\"https:\\\/\\\/itos.es\\\/en\\\/#organization\"},\"potentialAction\":[{\"@type\":\"SearchAction\",\"target\":{\"@type\":\"EntryPoint\",\"urlTemplate\":\"https:\\\/\\\/itos.es\\\/en\\\/?s={search_term_string}\"},\"query-input\":{\"@type\":\"PropertyValueSpecification\",\"valueRequired\":true,\"valueName\":\"search_term_string\"}}],\"inLanguage\":\"en-US\"},{\"@type\":\"Organization\",\"@id\":\"https:\\\/\\\/itos.es\\\/en\\\/#organization\",\"name\":\"Itos Technology, S.L.\",\"url\":\"https:\\\/\\\/itos.es\\\/en\\\/\",\"logo\":{\"@type\":\"ImageObject\",\"inLanguage\":\"en-US\",\"@id\":\"https:\\\/\\\/itos.es\\\/en\\\/#\\\/schema\\\/logo\\\/image\\\/\",\"url\":\"https:\\\/\\\/itos.es\\\/wp-content\\\/uploads\\\/2023\\\/05\\\/AZUL_R.svg\",\"contentUrl\":\"https:\\\/\\\/itos.es\\\/wp-content\\\/uploads\\\/2023\\\/05\\\/AZUL_R.svg\",\"caption\":\"Itos Technology, S.L.\"},\"image\":{\"@id\":\"https:\\\/\\\/itos.es\\\/en\\\/#\\\/schema\\\/logo\\\/image\\\/\"},\"sameAs\":[\"https:\\\/\\\/x.com\\\/info_ITOS\",\"https:\\\/\\\/es.linkedin.com\\\/company\\\/itos-technology-s.l.\"]}]}<\/script>\n<!-- \/ Yoast SEO Premium plugin. -->","yoast_head_json":{"title":"IC-58H - ITOS Technology","robots":{"index":"noindex","follow":"nofollow"},"og_locale":"en_US","og_type":"article","og_title":"IC-58H","og_description":"Handheld Antimicrobiano El ITOS IC-58H ha sido dise\u00f1ado para ser la soluci\u00f3n perfecta del sector sanitario, ya que est\u00e1 elaborado con material antimicrobiano que contribuyen a evitar la dispersi\u00f3n de enfermedades, y permite a\u00f1adir la funci\u00f3n de medici\u00f3n de la temperatura. Este terminal ayuda al personal m\u00e9dico a trabajar de forma m\u00e1s eficiente en los [&hellip;]","og_url":"https:\/\/itos.es\/en\/tienda\/identificacion-automatica\/handhelds\/ic-58h\/","og_site_name":"ITOS Technology","article_modified_time":"2025-12-19T12:55:04+00:00","og_image":[{"width":1981,"height":2560,"url":"https:\/\/itos.es\/wp-content\/uploads\/2023\/09\/IC-58-Healthcare_frontback_pantalla-scaled.png","type":"image\/png"}],"twitter_card":"summary_large_image","twitter_site":"@info_ITOS","twitter_misc":{"Est. reading time":"1 minute"},"schema":{"@context":"https:\/\/schema.org","@graph":[{"@type":"WebPage","@id":"https:\/\/itos.es\/en\/tienda\/identificacion-automatica\/handhelds\/ic-58h\/","url":"https:\/\/itos.es\/en\/tienda\/identificacion-automatica\/handhelds\/ic-58h\/","name":"IC-58H - ITOS Technology","isPartOf":{"@id":"https:\/\/itos.es\/en\/#website"},"primaryImageOfPage":{"@id":"https:\/\/itos.es\/en\/tienda\/identificacion-automatica\/handhelds\/ic-58h\/#primaryimage"},"image":{"@id":"https:\/\/itos.es\/en\/tienda\/identificacion-automatica\/handhelds\/ic-58h\/#primaryimage"},"thumbnailUrl":"https:\/\/itos.es\/wp-content\/uploads\/2023\/09\/IC-58-Healthcare_frontback_pantalla-scaled.png","datePublished":"2025-06-17T10:49:37+00:00","dateModified":"2025-12-19T12:55:04+00:00","breadcrumb":{"@id":"https:\/\/itos.es\/en\/tienda\/identificacion-automatica\/handhelds\/ic-58h\/#breadcrumb"},"inLanguage":"en-US","potentialAction":[{"@type":"ReadAction","target":["https:\/\/itos.es\/en\/tienda\/identificacion-automatica\/handhelds\/ic-58h\/"]}]},{"@type":"ImageObject","inLanguage":"en-US","@id":"https:\/\/itos.es\/en\/tienda\/identificacion-automatica\/handhelds\/ic-58h\/#primaryimage","url":"https:\/\/itos.es\/wp-content\/uploads\/2023\/09\/IC-58-Healthcare_frontback_pantalla-scaled.png","contentUrl":"https:\/\/itos.es\/wp-content\/uploads\/2023\/09\/IC-58-Healthcare_frontback_pantalla-scaled.png","width":"1981","height":"2560"},{"@type":"BreadcrumbList","@id":"https:\/\/itos.es\/en\/tienda\/identificacion-automatica\/handhelds\/ic-58h\/#breadcrumb","itemListElement":[{"@type":"ListItem","position":1,"name":"Portada","item":"https:\/\/itos.es\/en\/"},{"@type":"ListItem","position":2,"name":"Products","item":"https:\/\/itos.es\/en\/shop\/"},{"@type":"ListItem","position":3,"name":"IC-58H"}]},{"@type":"WebSite","@id":"https:\/\/itos.es\/en\/#website","url":"https:\/\/itos.es\/en\/","name":"ITOS Technology","description":"Pagos y AIDC","publisher":{"@id":"https:\/\/itos.es\/en\/#organization"},"potentialAction":[{"@type":"SearchAction","target":{"@type":"EntryPoint","urlTemplate":"https:\/\/itos.es\/en\/?s={search_term_string}"},"query-input":{"@type":"PropertyValueSpecification","valueRequired":true,"valueName":"search_term_string"}}],"inLanguage":"en-US"},{"@type":"Organization","@id":"https:\/\/itos.es\/en\/#organization","name":"Itos Technology, S.L.","url":"https:\/\/itos.es\/en\/","logo":{"@type":"ImageObject","inLanguage":"en-US","@id":"https:\/\/itos.es\/en\/#\/schema\/logo\/image\/","url":"https:\/\/itos.es\/wp-content\/uploads\/2023\/05\/AZUL_R.svg","contentUrl":"https:\/\/itos.es\/wp-content\/uploads\/2023\/05\/AZUL_R.svg","caption":"Itos Technology, S.L."},"image":{"@id":"https:\/\/itos.es\/en\/#\/schema\/logo\/image\/"},"sameAs":["https:\/\/x.com\/info_ITOS","https:\/\/es.linkedin.com\/company\/itos-technology-s.l."]}]}},"_links":{"self":[{"href":"https:\/\/itos.es\/en\/wp-json\/wp\/v2\/product\/19239","targetHints":{"allow":["GET"]}}],"collection":[{"href":"https:\/\/itos.es\/en\/wp-json\/wp\/v2\/product"}],"about":[{"href":"https:\/\/itos.es\/en\/wp-json\/wp\/v2\/types\/product"}],"replies":[{"embeddable":true,"href":"https:\/\/itos.es\/en\/wp-json\/wp\/v2\/comments?post=19239"}],"wp:featuredmedia":[{"embeddable":true,"href":"https:\/\/itos.es\/en\/wp-json\/wp\/v2\/media\/12278"}],"wp:attachment":[{"href":"https:\/\/itos.es\/en\/wp-json\/wp\/v2\/media?parent=19239"}],"wp:term":[{"taxonomy":"product_brand","embeddable":true,"href":"https:\/\/itos.es\/en\/wp-json\/wp\/v2\/product_brand?post=19239"},{"taxonomy":"product_cat","embeddable":true,"href":"https:\/\/itos.es\/en\/wp-json\/wp\/v2\/product_cat?post=19239"},{"taxonomy":"product_tag","embeddable":true,"href":"https:\/\/itos.es\/en\/wp-json\/wp\/v2\/product_tag?post=19239"}],"curies":[{"name":"wp","href":"https:\/\/api.w.org\/{rel}","templated":true}]}}