{"id":19234,"date":"2025-06-17T11:59:14","date_gmt":"2025-06-17T09:59:14","guid":{"rendered":"https:\/\/itos.es\/itos-new\/?post_type=product&#038;p=19234"},"modified":"2025-12-19T13:49:57","modified_gmt":"2025-12-19T12:49:57","slug":"cm36","status":"publish","type":"product","link":"https:\/\/itos.es\/en\/tienda\/terminales-de-pago\/smart-pos\/cm36\/","title":{"rendered":"CM36"},"content":{"rendered":"<p>Elige la soluci\u00f3n de ITOS CM36, el TPV basado en Android 11 dise\u00f1ado pensando en la durabilidad, con una bater\u00eda superior, combinando estilo, funcionalidad y capacidad de procesamiento con una su pantalla de 6,5\u201d. Incorpora pinpad integrado, impresora t\u00e9rmica y posibilidad de a\u00f1adir lectores de c\u00f3digos de barras 1D\/2D. Este terminal de pago te brinda la perfecta gesti\u00f3n de cobros en m\u00faltiples entornos de manera segura, con lectura de tarjeta por banda magn\u00e9tica con indicador luminoso, chip en la parte inferior o contactless.<\/p>\n","protected":false},"excerpt":{"rendered":"<p>Elige la soluci\u00f3n de ITOS CM36, el TPV basado en Android 11 dise\u00f1ado pensando en la durabilidad, con una bater\u00eda superior, combinando estilo, funcionalidad y capacidad de procesamiento con una su pantalla de 6,5\u201d. Incorpora pinpad integrado, impresora t\u00e9rmica y posibilidad de a\u00f1adir lectores de c\u00f3digos de barras 1D\/2D. Este terminal de pago te brinda [&hellip;]<\/p>\n","protected":false},"featured_media":14320,"comment_status":"closed","ping_status":"closed","template":"","meta":{"inline_featured_image":false},"product_brand":[],"product_cat":[174,134],"product_tag":[],"class_list":{"0":"post-19234","1":"product","2":"type-product","3":"status-publish","4":"has-post-thumbnail","6":"product_cat-smart-pos","7":"product_cat-terminales-de-pago","9":"first","10":"instock","11":"shipping-taxable","12":"product-type-simple"},"yoast_head":"<!-- This site is optimized with the Yoast SEO Premium plugin v27.5 (Yoast SEO v27.5) - https:\/\/yoast.com\/product\/yoast-seo-premium-wordpress\/ -->\n<title>CM36 - ITOS Technology<\/title>\n<meta name=\"robots\" content=\"noindex, nofollow\" \/>\n<meta property=\"og:locale\" content=\"en_US\" \/>\n<meta property=\"og:type\" content=\"article\" \/>\n<meta property=\"og:title\" content=\"CM36\" \/>\n<meta property=\"og:description\" content=\"Elige la soluci\u00f3n de ITOS CM36, el TPV basado en Android 11 dise\u00f1ado pensando en la durabilidad, con una bater\u00eda superior, combinando estilo, funcionalidad y capacidad de procesamiento con una su pantalla de 6,5\u201d. Incorpora pinpad integrado, impresora t\u00e9rmica y posibilidad de a\u00f1adir lectores de c\u00f3digos de barras 1D\/2D. Este terminal de pago te brinda [&hellip;]\" \/>\n<meta property=\"og:url\" content=\"https:\/\/itos.es\/en\/tienda\/terminales-de-pago\/smart-pos\/cm36\/\" \/>\n<meta property=\"og:site_name\" content=\"ITOS Technology\" \/>\n<meta property=\"article:modified_time\" content=\"2025-12-19T12:49:57+00:00\" \/>\n<meta property=\"og:image\" content=\"https:\/\/itos.es\/wp-content\/uploads\/2024\/03\/cm36.png\" \/>\n\t<meta property=\"og:image:width\" content=\"360\" \/>\n\t<meta property=\"og:image:height\" content=\"270\" \/>\n\t<meta property=\"og:image:type\" content=\"image\/png\" \/>\n<meta name=\"twitter:card\" content=\"summary_large_image\" \/>\n<meta name=\"twitter:site\" content=\"@info_ITOS\" \/>\n<meta name=\"twitter:label1\" content=\"Est. reading time\" \/>\n\t<meta name=\"twitter:data1\" content=\"1 minute\" \/>\n<script type=\"application\/ld+json\" class=\"yoast-schema-graph\">{\"@context\":\"https:\\\/\\\/schema.org\",\"@graph\":[{\"@type\":\"WebPage\",\"@id\":\"https:\\\/\\\/itos.es\\\/en\\\/tienda\\\/terminales-de-pago\\\/smart-pos\\\/cm36\\\/\",\"url\":\"https:\\\/\\\/itos.es\\\/en\\\/tienda\\\/terminales-de-pago\\\/smart-pos\\\/cm36\\\/\",\"name\":\"CM36 - ITOS Technology\",\"isPartOf\":{\"@id\":\"https:\\\/\\\/itos.es\\\/en\\\/#website\"},\"primaryImageOfPage\":{\"@id\":\"https:\\\/\\\/itos.es\\\/en\\\/tienda\\\/terminales-de-pago\\\/smart-pos\\\/cm36\\\/#primaryimage\"},\"image\":{\"@id\":\"https:\\\/\\\/itos.es\\\/en\\\/tienda\\\/terminales-de-pago\\\/smart-pos\\\/cm36\\\/#primaryimage\"},\"thumbnailUrl\":\"https:\\\/\\\/itos.es\\\/wp-content\\\/uploads\\\/2024\\\/03\\\/cm36.png\",\"datePublished\":\"2025-06-17T09:59:14+00:00\",\"dateModified\":\"2025-12-19T12:49:57+00:00\",\"breadcrumb\":{\"@id\":\"https:\\\/\\\/itos.es\\\/en\\\/tienda\\\/terminales-de-pago\\\/smart-pos\\\/cm36\\\/#breadcrumb\"},\"inLanguage\":\"en-US\",\"potentialAction\":[{\"@type\":\"ReadAction\",\"target\":[\"https:\\\/\\\/itos.es\\\/en\\\/tienda\\\/terminales-de-pago\\\/smart-pos\\\/cm36\\\/\"]}]},{\"@type\":\"ImageObject\",\"inLanguage\":\"en-US\",\"@id\":\"https:\\\/\\\/itos.es\\\/en\\\/tienda\\\/terminales-de-pago\\\/smart-pos\\\/cm36\\\/#primaryimage\",\"url\":\"https:\\\/\\\/itos.es\\\/wp-content\\\/uploads\\\/2024\\\/03\\\/cm36.png\",\"contentUrl\":\"https:\\\/\\\/itos.es\\\/wp-content\\\/uploads\\\/2024\\\/03\\\/cm36.png\",\"width\":\"360\",\"height\":\"270\"},{\"@type\":\"BreadcrumbList\",\"@id\":\"https:\\\/\\\/itos.es\\\/en\\\/tienda\\\/terminales-de-pago\\\/smart-pos\\\/cm36\\\/#breadcrumb\",\"itemListElement\":[{\"@type\":\"ListItem\",\"position\":1,\"name\":\"Portada\",\"item\":\"https:\\\/\\\/itos.es\\\/en\\\/\"},{\"@type\":\"ListItem\",\"position\":2,\"name\":\"Products\",\"item\":\"https:\\\/\\\/itos.es\\\/en\\\/shop\\\/\"},{\"@type\":\"ListItem\",\"position\":3,\"name\":\"CM36\"}]},{\"@type\":\"WebSite\",\"@id\":\"https:\\\/\\\/itos.es\\\/en\\\/#website\",\"url\":\"https:\\\/\\\/itos.es\\\/en\\\/\",\"name\":\"ITOS Technology\",\"description\":\"Pagos y AIDC\",\"publisher\":{\"@id\":\"https:\\\/\\\/itos.es\\\/en\\\/#organization\"},\"potentialAction\":[{\"@type\":\"SearchAction\",\"target\":{\"@type\":\"EntryPoint\",\"urlTemplate\":\"https:\\\/\\\/itos.es\\\/en\\\/?s={search_term_string}\"},\"query-input\":{\"@type\":\"PropertyValueSpecification\",\"valueRequired\":true,\"valueName\":\"search_term_string\"}}],\"inLanguage\":\"en-US\"},{\"@type\":\"Organization\",\"@id\":\"https:\\\/\\\/itos.es\\\/en\\\/#organization\",\"name\":\"Itos Technology, S.L.\",\"url\":\"https:\\\/\\\/itos.es\\\/en\\\/\",\"logo\":{\"@type\":\"ImageObject\",\"inLanguage\":\"en-US\",\"@id\":\"https:\\\/\\\/itos.es\\\/en\\\/#\\\/schema\\\/logo\\\/image\\\/\",\"url\":\"https:\\\/\\\/itos.es\\\/wp-content\\\/uploads\\\/2023\\\/05\\\/AZUL_R.svg\",\"contentUrl\":\"https:\\\/\\\/itos.es\\\/wp-content\\\/uploads\\\/2023\\\/05\\\/AZUL_R.svg\",\"caption\":\"Itos Technology, S.L.\"},\"image\":{\"@id\":\"https:\\\/\\\/itos.es\\\/en\\\/#\\\/schema\\\/logo\\\/image\\\/\"},\"sameAs\":[\"https:\\\/\\\/x.com\\\/info_ITOS\",\"https:\\\/\\\/es.linkedin.com\\\/company\\\/itos-technology-s.l.\"]}]}<\/script>\n<!-- \/ Yoast SEO Premium plugin. -->","yoast_head_json":{"title":"CM36 - ITOS Technology","robots":{"index":"noindex","follow":"nofollow"},"og_locale":"en_US","og_type":"article","og_title":"CM36","og_description":"Elige la soluci\u00f3n de ITOS CM36, el TPV basado en Android 11 dise\u00f1ado pensando en la durabilidad, con una bater\u00eda superior, combinando estilo, funcionalidad y capacidad de procesamiento con una su pantalla de 6,5\u201d. Incorpora pinpad integrado, impresora t\u00e9rmica y posibilidad de a\u00f1adir lectores de c\u00f3digos de barras 1D\/2D. Este terminal de pago te brinda [&hellip;]","og_url":"https:\/\/itos.es\/en\/tienda\/terminales-de-pago\/smart-pos\/cm36\/","og_site_name":"ITOS Technology","article_modified_time":"2025-12-19T12:49:57+00:00","og_image":[{"width":360,"height":270,"url":"https:\/\/itos.es\/wp-content\/uploads\/2024\/03\/cm36.png","type":"image\/png"}],"twitter_card":"summary_large_image","twitter_site":"@info_ITOS","twitter_misc":{"Est. reading time":"1 minute"},"schema":{"@context":"https:\/\/schema.org","@graph":[{"@type":"WebPage","@id":"https:\/\/itos.es\/en\/tienda\/terminales-de-pago\/smart-pos\/cm36\/","url":"https:\/\/itos.es\/en\/tienda\/terminales-de-pago\/smart-pos\/cm36\/","name":"CM36 - ITOS Technology","isPartOf":{"@id":"https:\/\/itos.es\/en\/#website"},"primaryImageOfPage":{"@id":"https:\/\/itos.es\/en\/tienda\/terminales-de-pago\/smart-pos\/cm36\/#primaryimage"},"image":{"@id":"https:\/\/itos.es\/en\/tienda\/terminales-de-pago\/smart-pos\/cm36\/#primaryimage"},"thumbnailUrl":"https:\/\/itos.es\/wp-content\/uploads\/2024\/03\/cm36.png","datePublished":"2025-06-17T09:59:14+00:00","dateModified":"2025-12-19T12:49:57+00:00","breadcrumb":{"@id":"https:\/\/itos.es\/en\/tienda\/terminales-de-pago\/smart-pos\/cm36\/#breadcrumb"},"inLanguage":"en-US","potentialAction":[{"@type":"ReadAction","target":["https:\/\/itos.es\/en\/tienda\/terminales-de-pago\/smart-pos\/cm36\/"]}]},{"@type":"ImageObject","inLanguage":"en-US","@id":"https:\/\/itos.es\/en\/tienda\/terminales-de-pago\/smart-pos\/cm36\/#primaryimage","url":"https:\/\/itos.es\/wp-content\/uploads\/2024\/03\/cm36.png","contentUrl":"https:\/\/itos.es\/wp-content\/uploads\/2024\/03\/cm36.png","width":"360","height":"270"},{"@type":"BreadcrumbList","@id":"https:\/\/itos.es\/en\/tienda\/terminales-de-pago\/smart-pos\/cm36\/#breadcrumb","itemListElement":[{"@type":"ListItem","position":1,"name":"Portada","item":"https:\/\/itos.es\/en\/"},{"@type":"ListItem","position":2,"name":"Products","item":"https:\/\/itos.es\/en\/shop\/"},{"@type":"ListItem","position":3,"name":"CM36"}]},{"@type":"WebSite","@id":"https:\/\/itos.es\/en\/#website","url":"https:\/\/itos.es\/en\/","name":"ITOS Technology","description":"Pagos y AIDC","publisher":{"@id":"https:\/\/itos.es\/en\/#organization"},"potentialAction":[{"@type":"SearchAction","target":{"@type":"EntryPoint","urlTemplate":"https:\/\/itos.es\/en\/?s={search_term_string}"},"query-input":{"@type":"PropertyValueSpecification","valueRequired":true,"valueName":"search_term_string"}}],"inLanguage":"en-US"},{"@type":"Organization","@id":"https:\/\/itos.es\/en\/#organization","name":"Itos Technology, S.L.","url":"https:\/\/itos.es\/en\/","logo":{"@type":"ImageObject","inLanguage":"en-US","@id":"https:\/\/itos.es\/en\/#\/schema\/logo\/image\/","url":"https:\/\/itos.es\/wp-content\/uploads\/2023\/05\/AZUL_R.svg","contentUrl":"https:\/\/itos.es\/wp-content\/uploads\/2023\/05\/AZUL_R.svg","caption":"Itos Technology, S.L."},"image":{"@id":"https:\/\/itos.es\/en\/#\/schema\/logo\/image\/"},"sameAs":["https:\/\/x.com\/info_ITOS","https:\/\/es.linkedin.com\/company\/itos-technology-s.l."]}]}},"_links":{"self":[{"href":"https:\/\/itos.es\/en\/wp-json\/wp\/v2\/product\/19234","targetHints":{"allow":["GET"]}}],"collection":[{"href":"https:\/\/itos.es\/en\/wp-json\/wp\/v2\/product"}],"about":[{"href":"https:\/\/itos.es\/en\/wp-json\/wp\/v2\/types\/product"}],"replies":[{"embeddable":true,"href":"https:\/\/itos.es\/en\/wp-json\/wp\/v2\/comments?post=19234"}],"wp:featuredmedia":[{"embeddable":true,"href":"https:\/\/itos.es\/en\/wp-json\/wp\/v2\/media\/14320"}],"wp:attachment":[{"href":"https:\/\/itos.es\/en\/wp-json\/wp\/v2\/media?parent=19234"}],"wp:term":[{"taxonomy":"product_brand","embeddable":true,"href":"https:\/\/itos.es\/en\/wp-json\/wp\/v2\/product_brand?post=19234"},{"taxonomy":"product_cat","embeddable":true,"href":"https:\/\/itos.es\/en\/wp-json\/wp\/v2\/product_cat?post=19234"},{"taxonomy":"product_tag","embeddable":true,"href":"https:\/\/itos.es\/en\/wp-json\/wp\/v2\/product_tag?post=19234"}],"curies":[{"name":"wp","href":"https:\/\/api.w.org\/{rel}","templated":true}]}}