{"id":19233,"date":"2025-06-17T11:58:55","date_gmt":"2025-06-17T09:58:55","guid":{"rendered":"https:\/\/itos.es\/itos-new\/?post_type=product&#038;p=19233"},"modified":"2025-12-19T13:50:00","modified_gmt":"2025-12-19T12:50:00","slug":"cm35s","status":"publish","type":"product","link":"https:\/\/itos.es\/en\/tienda\/terminales-de-pago\/smart-pos\/cm35s\/","title":{"rendered":"CM35S"},"content":{"rendered":"<p>Simplifica tu trabajo y optimiza tus operaciones con la soluci\u00f3n integrada de ITOS CM35S, TPV Android 10 con procesador de cuatro n\u00facleos, dispositivo dise\u00f1ado pensando en su durabilidad, funcionalidad y estilo con su pantalla de 5\u201d. Pinpad integrado, impresora t\u00e9rmica y posibilidad de incorporar lectores de c\u00f3digos de barras 1D\/2D: este terminal de pago te brinda la perfecta gesti\u00f3n de cobros en m\u00faltiples entornos de manera segura, ofreciendo a los usuarios una mejor conectividad gracias a su Wi-Fi Dual. El CM35S es compatible con el portal online de ITOS, CRONOSmdm\u00ae, herramienta con la que podr\u00e1s gestionar, monitorizar y configurar de forma remota todos tus dispositivos de pago Android.<\/p>\n","protected":false},"excerpt":{"rendered":"<p>Simplifica tu trabajo y optimiza tus operaciones con la soluci\u00f3n integrada de ITOS CM35S, TPV Android 10 con procesador de cuatro n\u00facleos, dispositivo dise\u00f1ado pensando en su durabilidad, funcionalidad y estilo con su pantalla de 5\u201d. Pinpad integrado, impresora t\u00e9rmica y posibilidad de incorporar lectores de c\u00f3digos de barras 1D\/2D: este terminal de pago te [&hellip;]<\/p>\n","protected":false},"featured_media":18795,"comment_status":"closed","ping_status":"closed","template":"","meta":{"inline_featured_image":false},"product_brand":[],"product_cat":[174,134],"product_tag":[276,287,282,283,277,275,286],"class_list":{"0":"post-19233","1":"product","2":"type-product","3":"status-publish","4":"has-post-thumbnail","6":"product_cat-smart-pos","7":"product_cat-terminales-de-pago","8":"product_tag-android","9":"product_tag-banda-magnetica","10":"product_tag-chip","11":"product_tag-contactless","12":"product_tag-impresora","13":"product_tag-movil","14":"product_tag-wifi","16":"first","17":"instock","18":"shipping-taxable","19":"product-type-simple"},"yoast_head":"<!-- This site is optimized with the Yoast SEO Premium plugin v27.5 (Yoast SEO v27.5) - https:\/\/yoast.com\/product\/yoast-seo-premium-wordpress\/ -->\n<title>CM35S - ITOS Technology<\/title>\n<meta name=\"robots\" content=\"noindex, nofollow\" \/>\n<meta property=\"og:locale\" content=\"en_US\" \/>\n<meta property=\"og:type\" content=\"article\" \/>\n<meta property=\"og:title\" content=\"CM35S\" \/>\n<meta property=\"og:description\" content=\"Simplifica tu trabajo y optimiza tus operaciones con la soluci\u00f3n integrada de ITOS CM35S, TPV Android 10 con procesador de cuatro n\u00facleos, dispositivo dise\u00f1ado pensando en su durabilidad, funcionalidad y estilo con su pantalla de 5\u201d. Pinpad integrado, impresora t\u00e9rmica y posibilidad de incorporar lectores de c\u00f3digos de barras 1D\/2D: este terminal de pago te [&hellip;]\" \/>\n<meta property=\"og:url\" content=\"https:\/\/itos.es\/en\/tienda\/terminales-de-pago\/smart-pos\/cm35s\/\" \/>\n<meta property=\"og:site_name\" content=\"ITOS Technology\" \/>\n<meta property=\"article:modified_time\" content=\"2025-12-19T12:50:00+00:00\" \/>\n<meta property=\"og:image\" content=\"https:\/\/itos.es\/wp-content\/uploads\/2025\/05\/CM35S-Negro_frontal.png\" \/>\n\t<meta property=\"og:image:width\" content=\"2400\" \/>\n\t<meta property=\"og:image:height\" content=\"1601\" \/>\n\t<meta property=\"og:image:type\" content=\"image\/png\" \/>\n<meta name=\"twitter:card\" content=\"summary_large_image\" \/>\n<meta name=\"twitter:site\" content=\"@info_ITOS\" \/>\n<meta name=\"twitter:label1\" content=\"Est. reading time\" \/>\n\t<meta name=\"twitter:data1\" content=\"1 minute\" \/>\n<script type=\"application\/ld+json\" class=\"yoast-schema-graph\">{\"@context\":\"https:\\\/\\\/schema.org\",\"@graph\":[{\"@type\":\"WebPage\",\"@id\":\"https:\\\/\\\/itos.es\\\/en\\\/tienda\\\/terminales-de-pago\\\/smart-pos\\\/cm35s\\\/\",\"url\":\"https:\\\/\\\/itos.es\\\/en\\\/tienda\\\/terminales-de-pago\\\/smart-pos\\\/cm35s\\\/\",\"name\":\"CM35S - ITOS Technology\",\"isPartOf\":{\"@id\":\"https:\\\/\\\/itos.es\\\/en\\\/#website\"},\"primaryImageOfPage\":{\"@id\":\"https:\\\/\\\/itos.es\\\/en\\\/tienda\\\/terminales-de-pago\\\/smart-pos\\\/cm35s\\\/#primaryimage\"},\"image\":{\"@id\":\"https:\\\/\\\/itos.es\\\/en\\\/tienda\\\/terminales-de-pago\\\/smart-pos\\\/cm35s\\\/#primaryimage\"},\"thumbnailUrl\":\"https:\\\/\\\/itos.es\\\/wp-content\\\/uploads\\\/2025\\\/05\\\/CM35S-Negro_frontal.png\",\"datePublished\":\"2025-06-17T09:58:55+00:00\",\"dateModified\":\"2025-12-19T12:50:00+00:00\",\"breadcrumb\":{\"@id\":\"https:\\\/\\\/itos.es\\\/en\\\/tienda\\\/terminales-de-pago\\\/smart-pos\\\/cm35s\\\/#breadcrumb\"},\"inLanguage\":\"en-US\",\"potentialAction\":[{\"@type\":\"ReadAction\",\"target\":[\"https:\\\/\\\/itos.es\\\/en\\\/tienda\\\/terminales-de-pago\\\/smart-pos\\\/cm35s\\\/\"]}]},{\"@type\":\"ImageObject\",\"inLanguage\":\"en-US\",\"@id\":\"https:\\\/\\\/itos.es\\\/en\\\/tienda\\\/terminales-de-pago\\\/smart-pos\\\/cm35s\\\/#primaryimage\",\"url\":\"https:\\\/\\\/itos.es\\\/wp-content\\\/uploads\\\/2025\\\/05\\\/CM35S-Negro_frontal.png\",\"contentUrl\":\"https:\\\/\\\/itos.es\\\/wp-content\\\/uploads\\\/2025\\\/05\\\/CM35S-Negro_frontal.png\",\"width\":\"2400\",\"height\":\"1601\"},{\"@type\":\"BreadcrumbList\",\"@id\":\"https:\\\/\\\/itos.es\\\/en\\\/tienda\\\/terminales-de-pago\\\/smart-pos\\\/cm35s\\\/#breadcrumb\",\"itemListElement\":[{\"@type\":\"ListItem\",\"position\":1,\"name\":\"Portada\",\"item\":\"https:\\\/\\\/itos.es\\\/en\\\/\"},{\"@type\":\"ListItem\",\"position\":2,\"name\":\"Products\",\"item\":\"https:\\\/\\\/itos.es\\\/en\\\/shop\\\/\"},{\"@type\":\"ListItem\",\"position\":3,\"name\":\"CM35S\"}]},{\"@type\":\"WebSite\",\"@id\":\"https:\\\/\\\/itos.es\\\/en\\\/#website\",\"url\":\"https:\\\/\\\/itos.es\\\/en\\\/\",\"name\":\"ITOS Technology\",\"description\":\"Pagos y AIDC\",\"publisher\":{\"@id\":\"https:\\\/\\\/itos.es\\\/en\\\/#organization\"},\"potentialAction\":[{\"@type\":\"SearchAction\",\"target\":{\"@type\":\"EntryPoint\",\"urlTemplate\":\"https:\\\/\\\/itos.es\\\/en\\\/?s={search_term_string}\"},\"query-input\":{\"@type\":\"PropertyValueSpecification\",\"valueRequired\":true,\"valueName\":\"search_term_string\"}}],\"inLanguage\":\"en-US\"},{\"@type\":\"Organization\",\"@id\":\"https:\\\/\\\/itos.es\\\/en\\\/#organization\",\"name\":\"Itos Technology, S.L.\",\"url\":\"https:\\\/\\\/itos.es\\\/en\\\/\",\"logo\":{\"@type\":\"ImageObject\",\"inLanguage\":\"en-US\",\"@id\":\"https:\\\/\\\/itos.es\\\/en\\\/#\\\/schema\\\/logo\\\/image\\\/\",\"url\":\"https:\\\/\\\/itos.es\\\/wp-content\\\/uploads\\\/2023\\\/05\\\/AZUL_R.svg\",\"contentUrl\":\"https:\\\/\\\/itos.es\\\/wp-content\\\/uploads\\\/2023\\\/05\\\/AZUL_R.svg\",\"caption\":\"Itos Technology, S.L.\"},\"image\":{\"@id\":\"https:\\\/\\\/itos.es\\\/en\\\/#\\\/schema\\\/logo\\\/image\\\/\"},\"sameAs\":[\"https:\\\/\\\/x.com\\\/info_ITOS\",\"https:\\\/\\\/es.linkedin.com\\\/company\\\/itos-technology-s.l.\"]}]}<\/script>\n<!-- \/ Yoast SEO Premium plugin. -->","yoast_head_json":{"title":"CM35S - ITOS Technology","robots":{"index":"noindex","follow":"nofollow"},"og_locale":"en_US","og_type":"article","og_title":"CM35S","og_description":"Simplifica tu trabajo y optimiza tus operaciones con la soluci\u00f3n integrada de ITOS CM35S, TPV Android 10 con procesador de cuatro n\u00facleos, dispositivo dise\u00f1ado pensando en su durabilidad, funcionalidad y estilo con su pantalla de 5\u201d. Pinpad integrado, impresora t\u00e9rmica y posibilidad de incorporar lectores de c\u00f3digos de barras 1D\/2D: este terminal de pago te [&hellip;]","og_url":"https:\/\/itos.es\/en\/tienda\/terminales-de-pago\/smart-pos\/cm35s\/","og_site_name":"ITOS Technology","article_modified_time":"2025-12-19T12:50:00+00:00","og_image":[{"width":2400,"height":1601,"url":"https:\/\/itos.es\/wp-content\/uploads\/2025\/05\/CM35S-Negro_frontal.png","type":"image\/png"}],"twitter_card":"summary_large_image","twitter_site":"@info_ITOS","twitter_misc":{"Est. reading time":"1 minute"},"schema":{"@context":"https:\/\/schema.org","@graph":[{"@type":"WebPage","@id":"https:\/\/itos.es\/en\/tienda\/terminales-de-pago\/smart-pos\/cm35s\/","url":"https:\/\/itos.es\/en\/tienda\/terminales-de-pago\/smart-pos\/cm35s\/","name":"CM35S - ITOS Technology","isPartOf":{"@id":"https:\/\/itos.es\/en\/#website"},"primaryImageOfPage":{"@id":"https:\/\/itos.es\/en\/tienda\/terminales-de-pago\/smart-pos\/cm35s\/#primaryimage"},"image":{"@id":"https:\/\/itos.es\/en\/tienda\/terminales-de-pago\/smart-pos\/cm35s\/#primaryimage"},"thumbnailUrl":"https:\/\/itos.es\/wp-content\/uploads\/2025\/05\/CM35S-Negro_frontal.png","datePublished":"2025-06-17T09:58:55+00:00","dateModified":"2025-12-19T12:50:00+00:00","breadcrumb":{"@id":"https:\/\/itos.es\/en\/tienda\/terminales-de-pago\/smart-pos\/cm35s\/#breadcrumb"},"inLanguage":"en-US","potentialAction":[{"@type":"ReadAction","target":["https:\/\/itos.es\/en\/tienda\/terminales-de-pago\/smart-pos\/cm35s\/"]}]},{"@type":"ImageObject","inLanguage":"en-US","@id":"https:\/\/itos.es\/en\/tienda\/terminales-de-pago\/smart-pos\/cm35s\/#primaryimage","url":"https:\/\/itos.es\/wp-content\/uploads\/2025\/05\/CM35S-Negro_frontal.png","contentUrl":"https:\/\/itos.es\/wp-content\/uploads\/2025\/05\/CM35S-Negro_frontal.png","width":"2400","height":"1601"},{"@type":"BreadcrumbList","@id":"https:\/\/itos.es\/en\/tienda\/terminales-de-pago\/smart-pos\/cm35s\/#breadcrumb","itemListElement":[{"@type":"ListItem","position":1,"name":"Portada","item":"https:\/\/itos.es\/en\/"},{"@type":"ListItem","position":2,"name":"Products","item":"https:\/\/itos.es\/en\/shop\/"},{"@type":"ListItem","position":3,"name":"CM35S"}]},{"@type":"WebSite","@id":"https:\/\/itos.es\/en\/#website","url":"https:\/\/itos.es\/en\/","name":"ITOS Technology","description":"Pagos y AIDC","publisher":{"@id":"https:\/\/itos.es\/en\/#organization"},"potentialAction":[{"@type":"SearchAction","target":{"@type":"EntryPoint","urlTemplate":"https:\/\/itos.es\/en\/?s={search_term_string}"},"query-input":{"@type":"PropertyValueSpecification","valueRequired":true,"valueName":"search_term_string"}}],"inLanguage":"en-US"},{"@type":"Organization","@id":"https:\/\/itos.es\/en\/#organization","name":"Itos Technology, S.L.","url":"https:\/\/itos.es\/en\/","logo":{"@type":"ImageObject","inLanguage":"en-US","@id":"https:\/\/itos.es\/en\/#\/schema\/logo\/image\/","url":"https:\/\/itos.es\/wp-content\/uploads\/2023\/05\/AZUL_R.svg","contentUrl":"https:\/\/itos.es\/wp-content\/uploads\/2023\/05\/AZUL_R.svg","caption":"Itos Technology, S.L."},"image":{"@id":"https:\/\/itos.es\/en\/#\/schema\/logo\/image\/"},"sameAs":["https:\/\/x.com\/info_ITOS","https:\/\/es.linkedin.com\/company\/itos-technology-s.l."]}]}},"_links":{"self":[{"href":"https:\/\/itos.es\/en\/wp-json\/wp\/v2\/product\/19233","targetHints":{"allow":["GET"]}}],"collection":[{"href":"https:\/\/itos.es\/en\/wp-json\/wp\/v2\/product"}],"about":[{"href":"https:\/\/itos.es\/en\/wp-json\/wp\/v2\/types\/product"}],"replies":[{"embeddable":true,"href":"https:\/\/itos.es\/en\/wp-json\/wp\/v2\/comments?post=19233"}],"wp:featuredmedia":[{"embeddable":true,"href":"https:\/\/itos.es\/en\/wp-json\/wp\/v2\/media\/18795"}],"wp:attachment":[{"href":"https:\/\/itos.es\/en\/wp-json\/wp\/v2\/media?parent=19233"}],"wp:term":[{"taxonomy":"product_brand","embeddable":true,"href":"https:\/\/itos.es\/en\/wp-json\/wp\/v2\/product_brand?post=19233"},{"taxonomy":"product_cat","embeddable":true,"href":"https:\/\/itos.es\/en\/wp-json\/wp\/v2\/product_cat?post=19233"},{"taxonomy":"product_tag","embeddable":true,"href":"https:\/\/itos.es\/en\/wp-json\/wp\/v2\/product_tag?post=19233"}],"curies":[{"name":"wp","href":"https:\/\/api.w.org\/{rel}","templated":true}]}}