{"id":19232,"date":"2025-06-17T11:56:36","date_gmt":"2025-06-17T09:56:36","guid":{"rendered":"https:\/\/itos.es\/itos-new\/?post_type=product&#038;p=19232"},"modified":"2025-12-19T13:50:02","modified_gmt":"2025-12-19T12:50:02","slug":"cm35","status":"publish","type":"product","link":"https:\/\/itos.es\/en\/tienda\/terminales-de-pago\/smart-pos\/cm35\/","title":{"rendered":"CM35"},"content":{"rendered":"<p>Elige la soluci\u00f3n de ITOS CM35, el TPV Android dise\u00f1ado pensando en la durabilidad y resistencia, combinando funcionalidad y estilo. Con su Pinpad integrado, su impresora t\u00e9rmica y la posibilidad de incorporar lectores de c\u00f3digos de barras 1D\/2D, este terminal de pago te brinda la perfecta gesti\u00f3n de cobros en m\u00faltiples entornos de manera segura. Es totalmente compatible con el portal online de ITOS, CRONOSmdm\u00ae, herramienta con la que podr\u00e1s gestionar, monitorizar y configurar de forma remota todos tus dispositivos de pago Android. Simplifica tu trabajo y optimiza tus operaciones con esta soluci\u00f3n integrada que te ofrece ITOS.<\/p>\n","protected":false},"excerpt":{"rendered":"<p>ITOS CM35 es el TPV Android robusto y elegante que integra Pinpad, impresora t\u00e9rmica y lectores 1D\/2D para una gesti\u00f3n de cobros eficiente y segura en cualquier entorno.<\/p>\n","protected":false},"featured_media":9610,"comment_status":"closed","ping_status":"closed","template":"","meta":{"inline_featured_image":false},"product_brand":[],"product_cat":[174,134],"product_tag":[276,287,282,283,277,275],"class_list":{"0":"post-19232","1":"product","2":"type-product","3":"status-publish","4":"has-post-thumbnail","6":"product_cat-smart-pos","7":"product_cat-terminales-de-pago","8":"product_tag-android","9":"product_tag-banda-magnetica","10":"product_tag-chip","11":"product_tag-contactless","12":"product_tag-impresora","13":"product_tag-movil","15":"first","16":"instock","17":"shipping-taxable","18":"product-type-simple"},"yoast_head":"<!-- This site is optimized with the Yoast SEO Premium plugin v27.5 (Yoast SEO v27.5) - https:\/\/yoast.com\/product\/yoast-seo-premium-wordpress\/ -->\n<title>CM35 - ITOS Technology<\/title>\n<meta name=\"robots\" content=\"noindex, nofollow\" \/>\n<meta property=\"og:locale\" content=\"en_US\" \/>\n<meta property=\"og:type\" content=\"article\" \/>\n<meta property=\"og:title\" content=\"CM35\" \/>\n<meta property=\"og:description\" content=\"ITOS CM35 es el TPV Android robusto y elegante que integra Pinpad, impresora t\u00e9rmica y lectores 1D\/2D para una gesti\u00f3n de cobros eficiente y segura en cualquier entorno.\" \/>\n<meta property=\"og:url\" content=\"https:\/\/itos.es\/en\/tienda\/terminales-de-pago\/smart-pos\/cm35\/\" \/>\n<meta property=\"og:site_name\" content=\"ITOS Technology\" \/>\n<meta property=\"article:modified_time\" content=\"2025-12-19T12:50:02+00:00\" \/>\n<meta property=\"og:image\" content=\"https:\/\/itos.es\/wp-content\/uploads\/2023\/08\/cm35.png\" \/>\n\t<meta property=\"og:image:width\" content=\"360\" \/>\n\t<meta property=\"og:image:height\" content=\"270\" \/>\n\t<meta property=\"og:image:type\" content=\"image\/png\" \/>\n<meta name=\"twitter:card\" content=\"summary_large_image\" \/>\n<meta name=\"twitter:site\" content=\"@info_ITOS\" \/>\n<meta name=\"twitter:label1\" content=\"Est. reading time\" \/>\n\t<meta name=\"twitter:data1\" content=\"1 minute\" \/>\n<script type=\"application\/ld+json\" class=\"yoast-schema-graph\">{\"@context\":\"https:\\\/\\\/schema.org\",\"@graph\":[{\"@type\":\"WebPage\",\"@id\":\"https:\\\/\\\/itos.es\\\/en\\\/tienda\\\/terminales-de-pago\\\/smart-pos\\\/cm35\\\/\",\"url\":\"https:\\\/\\\/itos.es\\\/en\\\/tienda\\\/terminales-de-pago\\\/smart-pos\\\/cm35\\\/\",\"name\":\"CM35 - ITOS Technology\",\"isPartOf\":{\"@id\":\"https:\\\/\\\/itos.es\\\/en\\\/#website\"},\"primaryImageOfPage\":{\"@id\":\"https:\\\/\\\/itos.es\\\/en\\\/tienda\\\/terminales-de-pago\\\/smart-pos\\\/cm35\\\/#primaryimage\"},\"image\":{\"@id\":\"https:\\\/\\\/itos.es\\\/en\\\/tienda\\\/terminales-de-pago\\\/smart-pos\\\/cm35\\\/#primaryimage\"},\"thumbnailUrl\":\"https:\\\/\\\/itos.es\\\/wp-content\\\/uploads\\\/2023\\\/08\\\/cm35.png\",\"datePublished\":\"2025-06-17T09:56:36+00:00\",\"dateModified\":\"2025-12-19T12:50:02+00:00\",\"breadcrumb\":{\"@id\":\"https:\\\/\\\/itos.es\\\/en\\\/tienda\\\/terminales-de-pago\\\/smart-pos\\\/cm35\\\/#breadcrumb\"},\"inLanguage\":\"en-US\",\"potentialAction\":[{\"@type\":\"ReadAction\",\"target\":[\"https:\\\/\\\/itos.es\\\/en\\\/tienda\\\/terminales-de-pago\\\/smart-pos\\\/cm35\\\/\"]}]},{\"@type\":\"ImageObject\",\"inLanguage\":\"en-US\",\"@id\":\"https:\\\/\\\/itos.es\\\/en\\\/tienda\\\/terminales-de-pago\\\/smart-pos\\\/cm35\\\/#primaryimage\",\"url\":\"https:\\\/\\\/itos.es\\\/wp-content\\\/uploads\\\/2023\\\/08\\\/cm35.png\",\"contentUrl\":\"https:\\\/\\\/itos.es\\\/wp-content\\\/uploads\\\/2023\\\/08\\\/cm35.png\",\"width\":\"360\",\"height\":\"270\"},{\"@type\":\"BreadcrumbList\",\"@id\":\"https:\\\/\\\/itos.es\\\/en\\\/tienda\\\/terminales-de-pago\\\/smart-pos\\\/cm35\\\/#breadcrumb\",\"itemListElement\":[{\"@type\":\"ListItem\",\"position\":1,\"name\":\"Portada\",\"item\":\"https:\\\/\\\/itos.es\\\/en\\\/\"},{\"@type\":\"ListItem\",\"position\":2,\"name\":\"Products\",\"item\":\"https:\\\/\\\/itos.es\\\/en\\\/shop\\\/\"},{\"@type\":\"ListItem\",\"position\":3,\"name\":\"CM35\"}]},{\"@type\":\"WebSite\",\"@id\":\"https:\\\/\\\/itos.es\\\/en\\\/#website\",\"url\":\"https:\\\/\\\/itos.es\\\/en\\\/\",\"name\":\"ITOS Technology\",\"description\":\"Pagos y AIDC\",\"publisher\":{\"@id\":\"https:\\\/\\\/itos.es\\\/en\\\/#organization\"},\"potentialAction\":[{\"@type\":\"SearchAction\",\"target\":{\"@type\":\"EntryPoint\",\"urlTemplate\":\"https:\\\/\\\/itos.es\\\/en\\\/?s={search_term_string}\"},\"query-input\":{\"@type\":\"PropertyValueSpecification\",\"valueRequired\":true,\"valueName\":\"search_term_string\"}}],\"inLanguage\":\"en-US\"},{\"@type\":\"Organization\",\"@id\":\"https:\\\/\\\/itos.es\\\/en\\\/#organization\",\"name\":\"Itos Technology, S.L.\",\"url\":\"https:\\\/\\\/itos.es\\\/en\\\/\",\"logo\":{\"@type\":\"ImageObject\",\"inLanguage\":\"en-US\",\"@id\":\"https:\\\/\\\/itos.es\\\/en\\\/#\\\/schema\\\/logo\\\/image\\\/\",\"url\":\"https:\\\/\\\/itos.es\\\/wp-content\\\/uploads\\\/2023\\\/05\\\/AZUL_R.svg\",\"contentUrl\":\"https:\\\/\\\/itos.es\\\/wp-content\\\/uploads\\\/2023\\\/05\\\/AZUL_R.svg\",\"caption\":\"Itos Technology, S.L.\"},\"image\":{\"@id\":\"https:\\\/\\\/itos.es\\\/en\\\/#\\\/schema\\\/logo\\\/image\\\/\"},\"sameAs\":[\"https:\\\/\\\/x.com\\\/info_ITOS\",\"https:\\\/\\\/es.linkedin.com\\\/company\\\/itos-technology-s.l.\"]}]}<\/script>\n<!-- \/ Yoast SEO Premium plugin. -->","yoast_head_json":{"title":"CM35 - ITOS Technology","robots":{"index":"noindex","follow":"nofollow"},"og_locale":"en_US","og_type":"article","og_title":"CM35","og_description":"ITOS CM35 es el TPV Android robusto y elegante que integra Pinpad, impresora t\u00e9rmica y lectores 1D\/2D para una gesti\u00f3n de cobros eficiente y segura en cualquier entorno.","og_url":"https:\/\/itos.es\/en\/tienda\/terminales-de-pago\/smart-pos\/cm35\/","og_site_name":"ITOS Technology","article_modified_time":"2025-12-19T12:50:02+00:00","og_image":[{"width":360,"height":270,"url":"https:\/\/itos.es\/wp-content\/uploads\/2023\/08\/cm35.png","type":"image\/png"}],"twitter_card":"summary_large_image","twitter_site":"@info_ITOS","twitter_misc":{"Est. reading time":"1 minute"},"schema":{"@context":"https:\/\/schema.org","@graph":[{"@type":"WebPage","@id":"https:\/\/itos.es\/en\/tienda\/terminales-de-pago\/smart-pos\/cm35\/","url":"https:\/\/itos.es\/en\/tienda\/terminales-de-pago\/smart-pos\/cm35\/","name":"CM35 - ITOS Technology","isPartOf":{"@id":"https:\/\/itos.es\/en\/#website"},"primaryImageOfPage":{"@id":"https:\/\/itos.es\/en\/tienda\/terminales-de-pago\/smart-pos\/cm35\/#primaryimage"},"image":{"@id":"https:\/\/itos.es\/en\/tienda\/terminales-de-pago\/smart-pos\/cm35\/#primaryimage"},"thumbnailUrl":"https:\/\/itos.es\/wp-content\/uploads\/2023\/08\/cm35.png","datePublished":"2025-06-17T09:56:36+00:00","dateModified":"2025-12-19T12:50:02+00:00","breadcrumb":{"@id":"https:\/\/itos.es\/en\/tienda\/terminales-de-pago\/smart-pos\/cm35\/#breadcrumb"},"inLanguage":"en-US","potentialAction":[{"@type":"ReadAction","target":["https:\/\/itos.es\/en\/tienda\/terminales-de-pago\/smart-pos\/cm35\/"]}]},{"@type":"ImageObject","inLanguage":"en-US","@id":"https:\/\/itos.es\/en\/tienda\/terminales-de-pago\/smart-pos\/cm35\/#primaryimage","url":"https:\/\/itos.es\/wp-content\/uploads\/2023\/08\/cm35.png","contentUrl":"https:\/\/itos.es\/wp-content\/uploads\/2023\/08\/cm35.png","width":"360","height":"270"},{"@type":"BreadcrumbList","@id":"https:\/\/itos.es\/en\/tienda\/terminales-de-pago\/smart-pos\/cm35\/#breadcrumb","itemListElement":[{"@type":"ListItem","position":1,"name":"Portada","item":"https:\/\/itos.es\/en\/"},{"@type":"ListItem","position":2,"name":"Products","item":"https:\/\/itos.es\/en\/shop\/"},{"@type":"ListItem","position":3,"name":"CM35"}]},{"@type":"WebSite","@id":"https:\/\/itos.es\/en\/#website","url":"https:\/\/itos.es\/en\/","name":"ITOS Technology","description":"Pagos y AIDC","publisher":{"@id":"https:\/\/itos.es\/en\/#organization"},"potentialAction":[{"@type":"SearchAction","target":{"@type":"EntryPoint","urlTemplate":"https:\/\/itos.es\/en\/?s={search_term_string}"},"query-input":{"@type":"PropertyValueSpecification","valueRequired":true,"valueName":"search_term_string"}}],"inLanguage":"en-US"},{"@type":"Organization","@id":"https:\/\/itos.es\/en\/#organization","name":"Itos Technology, S.L.","url":"https:\/\/itos.es\/en\/","logo":{"@type":"ImageObject","inLanguage":"en-US","@id":"https:\/\/itos.es\/en\/#\/schema\/logo\/image\/","url":"https:\/\/itos.es\/wp-content\/uploads\/2023\/05\/AZUL_R.svg","contentUrl":"https:\/\/itos.es\/wp-content\/uploads\/2023\/05\/AZUL_R.svg","caption":"Itos Technology, S.L."},"image":{"@id":"https:\/\/itos.es\/en\/#\/schema\/logo\/image\/"},"sameAs":["https:\/\/x.com\/info_ITOS","https:\/\/es.linkedin.com\/company\/itos-technology-s.l."]}]}},"_links":{"self":[{"href":"https:\/\/itos.es\/en\/wp-json\/wp\/v2\/product\/19232","targetHints":{"allow":["GET"]}}],"collection":[{"href":"https:\/\/itos.es\/en\/wp-json\/wp\/v2\/product"}],"about":[{"href":"https:\/\/itos.es\/en\/wp-json\/wp\/v2\/types\/product"}],"replies":[{"embeddable":true,"href":"https:\/\/itos.es\/en\/wp-json\/wp\/v2\/comments?post=19232"}],"wp:featuredmedia":[{"embeddable":true,"href":"https:\/\/itos.es\/en\/wp-json\/wp\/v2\/media\/9610"}],"wp:attachment":[{"href":"https:\/\/itos.es\/en\/wp-json\/wp\/v2\/media?parent=19232"}],"wp:term":[{"taxonomy":"product_brand","embeddable":true,"href":"https:\/\/itos.es\/en\/wp-json\/wp\/v2\/product_brand?post=19232"},{"taxonomy":"product_cat","embeddable":true,"href":"https:\/\/itos.es\/en\/wp-json\/wp\/v2\/product_cat?post=19232"},{"taxonomy":"product_tag","embeddable":true,"href":"https:\/\/itos.es\/en\/wp-json\/wp\/v2\/product_tag?post=19232"}],"curies":[{"name":"wp","href":"https:\/\/api.w.org\/{rel}","templated":true}]}}