{"id":19230,"date":"2025-06-17T11:28:11","date_gmt":"2025-06-17T09:28:11","guid":{"rendered":"https:\/\/itos.es\/itos-new\/?post_type=product&#038;p=19230"},"modified":"2025-12-19T13:50:05","modified_gmt":"2025-12-19T12:50:05","slug":"bp-50-plus","status":"publish","type":"product","link":"https:\/\/itos.es\/en\/tienda\/terminales-de-pago\/pinpads\/bp-50-plus\/","title":{"rendered":"BP-50Plus"},"content":{"rendered":"<p>Descubre nuestra soluci\u00f3n de pago BP-50Plus, un Pin Pad peque\u00f1o y ligero con pantalla a color que garantiza transacciones seguras y de gran rapidez, reduciendo as\u00ed los tiempos de espera en los servicios de tu negocio y mejorando la calidad de la atenci\u00f3n al cliente. Este dispositivo m\u00f3vil tiene la capacidad de leer tarjetas chip y pagos contactless, as\u00ed como la opci\u00f3n de a\u00f1adir lector de tarjetas de banda magn\u00e9tica.<\/p>\n","protected":false},"excerpt":{"rendered":"<p>Descubre nuestra soluci\u00f3n de pago BP-50Plus, un Pin Pad peque\u00f1o y ligero con pantalla a color que garantiza transacciones seguras y de gran rapidez, reduciendo as\u00ed los tiempos de espera en los servicios de tu negocio y mejorando la calidad de la atenci\u00f3n al cliente. Este dispositivo m\u00f3vil tiene la capacidad de leer tarjetas chip [&hellip;]<\/p>\n","protected":false},"featured_media":10538,"comment_status":"closed","ping_status":"closed","template":"","meta":{"inline_featured_image":false},"product_brand":[],"product_cat":[175,134],"product_tag":[276,284,282,283,280,286,281],"class_list":{"0":"post-19230","1":"product","2":"type-product","3":"status-publish","4":"has-post-thumbnail","6":"product_cat-pinpads","7":"product_cat-terminales-de-pago","8":"product_tag-android","9":"product_tag-bluetooth","10":"product_tag-chip","11":"product_tag-contactless","12":"product_tag-ios","13":"product_tag-wifi","14":"product_tag-windows","16":"first","17":"instock","18":"shipping-taxable","19":"product-type-simple"},"yoast_head":"<!-- This site is optimized with the Yoast SEO Premium plugin v27.5 (Yoast SEO v27.5) - https:\/\/yoast.com\/product\/yoast-seo-premium-wordpress\/ -->\n<title>BP-50Plus - ITOS Technology<\/title>\n<meta name=\"robots\" content=\"noindex, nofollow\" \/>\n<meta property=\"og:locale\" content=\"en_US\" \/>\n<meta property=\"og:type\" content=\"article\" \/>\n<meta property=\"og:title\" content=\"BP-50Plus\" \/>\n<meta property=\"og:description\" content=\"Descubre nuestra soluci\u00f3n de pago BP-50Plus, un Pin Pad peque\u00f1o y ligero con pantalla a color que garantiza transacciones seguras y de gran rapidez, reduciendo as\u00ed los tiempos de espera en los servicios de tu negocio y mejorando la calidad de la atenci\u00f3n al cliente. Este dispositivo m\u00f3vil tiene la capacidad de leer tarjetas chip [&hellip;]\" \/>\n<meta property=\"og:url\" content=\"https:\/\/itos.es\/en\/tienda\/terminales-de-pago\/pinpads\/bp-50-plus\/\" \/>\n<meta property=\"og:site_name\" content=\"ITOS Technology\" \/>\n<meta property=\"article:modified_time\" content=\"2025-12-19T12:50:05+00:00\" \/>\n<meta property=\"og:image\" content=\"https:\/\/itos.es\/wp-content\/uploads\/2023\/09\/BP-50Plus_1-scaled.png\" \/>\n\t<meta property=\"og:image:width\" content=\"2560\" \/>\n\t<meta property=\"og:image:height\" content=\"1707\" \/>\n\t<meta property=\"og:image:type\" content=\"image\/png\" \/>\n<meta name=\"twitter:card\" content=\"summary_large_image\" \/>\n<meta name=\"twitter:site\" content=\"@info_ITOS\" \/>\n<meta name=\"twitter:label1\" content=\"Est. reading time\" \/>\n\t<meta name=\"twitter:data1\" content=\"1 minute\" \/>\n<script type=\"application\/ld+json\" class=\"yoast-schema-graph\">{\"@context\":\"https:\\\/\\\/schema.org\",\"@graph\":[{\"@type\":\"WebPage\",\"@id\":\"https:\\\/\\\/itos.es\\\/en\\\/tienda\\\/terminales-de-pago\\\/pinpads\\\/bp-50-plus\\\/\",\"url\":\"https:\\\/\\\/itos.es\\\/en\\\/tienda\\\/terminales-de-pago\\\/pinpads\\\/bp-50-plus\\\/\",\"name\":\"BP-50Plus - ITOS Technology\",\"isPartOf\":{\"@id\":\"https:\\\/\\\/itos.es\\\/en\\\/#website\"},\"primaryImageOfPage\":{\"@id\":\"https:\\\/\\\/itos.es\\\/en\\\/tienda\\\/terminales-de-pago\\\/pinpads\\\/bp-50-plus\\\/#primaryimage\"},\"image\":{\"@id\":\"https:\\\/\\\/itos.es\\\/en\\\/tienda\\\/terminales-de-pago\\\/pinpads\\\/bp-50-plus\\\/#primaryimage\"},\"thumbnailUrl\":\"https:\\\/\\\/itos.es\\\/wp-content\\\/uploads\\\/2023\\\/09\\\/BP-50Plus_1-scaled.png\",\"datePublished\":\"2025-06-17T09:28:11+00:00\",\"dateModified\":\"2025-12-19T12:50:05+00:00\",\"breadcrumb\":{\"@id\":\"https:\\\/\\\/itos.es\\\/en\\\/tienda\\\/terminales-de-pago\\\/pinpads\\\/bp-50-plus\\\/#breadcrumb\"},\"inLanguage\":\"en-US\",\"potentialAction\":[{\"@type\":\"ReadAction\",\"target\":[\"https:\\\/\\\/itos.es\\\/en\\\/tienda\\\/terminales-de-pago\\\/pinpads\\\/bp-50-plus\\\/\"]}]},{\"@type\":\"ImageObject\",\"inLanguage\":\"en-US\",\"@id\":\"https:\\\/\\\/itos.es\\\/en\\\/tienda\\\/terminales-de-pago\\\/pinpads\\\/bp-50-plus\\\/#primaryimage\",\"url\":\"https:\\\/\\\/itos.es\\\/wp-content\\\/uploads\\\/2023\\\/09\\\/BP-50Plus_1-scaled.png\",\"contentUrl\":\"https:\\\/\\\/itos.es\\\/wp-content\\\/uploads\\\/2023\\\/09\\\/BP-50Plus_1-scaled.png\",\"width\":2560,\"height\":1707},{\"@type\":\"BreadcrumbList\",\"@id\":\"https:\\\/\\\/itos.es\\\/en\\\/tienda\\\/terminales-de-pago\\\/pinpads\\\/bp-50-plus\\\/#breadcrumb\",\"itemListElement\":[{\"@type\":\"ListItem\",\"position\":1,\"name\":\"Portada\",\"item\":\"https:\\\/\\\/itos.es\\\/en\\\/\"},{\"@type\":\"ListItem\",\"position\":2,\"name\":\"Products\",\"item\":\"https:\\\/\\\/itos.es\\\/en\\\/shop\\\/\"},{\"@type\":\"ListItem\",\"position\":3,\"name\":\"BP-50Plus\"}]},{\"@type\":\"WebSite\",\"@id\":\"https:\\\/\\\/itos.es\\\/en\\\/#website\",\"url\":\"https:\\\/\\\/itos.es\\\/en\\\/\",\"name\":\"ITOS Technology\",\"description\":\"Pagos y AIDC\",\"publisher\":{\"@id\":\"https:\\\/\\\/itos.es\\\/en\\\/#organization\"},\"potentialAction\":[{\"@type\":\"SearchAction\",\"target\":{\"@type\":\"EntryPoint\",\"urlTemplate\":\"https:\\\/\\\/itos.es\\\/en\\\/?s={search_term_string}\"},\"query-input\":{\"@type\":\"PropertyValueSpecification\",\"valueRequired\":true,\"valueName\":\"search_term_string\"}}],\"inLanguage\":\"en-US\"},{\"@type\":\"Organization\",\"@id\":\"https:\\\/\\\/itos.es\\\/en\\\/#organization\",\"name\":\"Itos Technology, S.L.\",\"url\":\"https:\\\/\\\/itos.es\\\/en\\\/\",\"logo\":{\"@type\":\"ImageObject\",\"inLanguage\":\"en-US\",\"@id\":\"https:\\\/\\\/itos.es\\\/en\\\/#\\\/schema\\\/logo\\\/image\\\/\",\"url\":\"https:\\\/\\\/itos.es\\\/wp-content\\\/uploads\\\/2023\\\/05\\\/AZUL_R.svg\",\"contentUrl\":\"https:\\\/\\\/itos.es\\\/wp-content\\\/uploads\\\/2023\\\/05\\\/AZUL_R.svg\",\"caption\":\"Itos Technology, S.L.\"},\"image\":{\"@id\":\"https:\\\/\\\/itos.es\\\/en\\\/#\\\/schema\\\/logo\\\/image\\\/\"},\"sameAs\":[\"https:\\\/\\\/x.com\\\/info_ITOS\",\"https:\\\/\\\/es.linkedin.com\\\/company\\\/itos-technology-s.l.\"]}]}<\/script>\n<!-- \/ Yoast SEO Premium plugin. -->","yoast_head_json":{"title":"BP-50Plus - ITOS Technology","robots":{"index":"noindex","follow":"nofollow"},"og_locale":"en_US","og_type":"article","og_title":"BP-50Plus","og_description":"Descubre nuestra soluci\u00f3n de pago BP-50Plus, un Pin Pad peque\u00f1o y ligero con pantalla a color que garantiza transacciones seguras y de gran rapidez, reduciendo as\u00ed los tiempos de espera en los servicios de tu negocio y mejorando la calidad de la atenci\u00f3n al cliente. Este dispositivo m\u00f3vil tiene la capacidad de leer tarjetas chip [&hellip;]","og_url":"https:\/\/itos.es\/en\/tienda\/terminales-de-pago\/pinpads\/bp-50-plus\/","og_site_name":"ITOS Technology","article_modified_time":"2025-12-19T12:50:05+00:00","og_image":[{"width":2560,"height":1707,"url":"https:\/\/itos.es\/wp-content\/uploads\/2023\/09\/BP-50Plus_1-scaled.png","type":"image\/png"}],"twitter_card":"summary_large_image","twitter_site":"@info_ITOS","twitter_misc":{"Est. reading time":"1 minute"},"schema":{"@context":"https:\/\/schema.org","@graph":[{"@type":"WebPage","@id":"https:\/\/itos.es\/en\/tienda\/terminales-de-pago\/pinpads\/bp-50-plus\/","url":"https:\/\/itos.es\/en\/tienda\/terminales-de-pago\/pinpads\/bp-50-plus\/","name":"BP-50Plus - ITOS Technology","isPartOf":{"@id":"https:\/\/itos.es\/en\/#website"},"primaryImageOfPage":{"@id":"https:\/\/itos.es\/en\/tienda\/terminales-de-pago\/pinpads\/bp-50-plus\/#primaryimage"},"image":{"@id":"https:\/\/itos.es\/en\/tienda\/terminales-de-pago\/pinpads\/bp-50-plus\/#primaryimage"},"thumbnailUrl":"https:\/\/itos.es\/wp-content\/uploads\/2023\/09\/BP-50Plus_1-scaled.png","datePublished":"2025-06-17T09:28:11+00:00","dateModified":"2025-12-19T12:50:05+00:00","breadcrumb":{"@id":"https:\/\/itos.es\/en\/tienda\/terminales-de-pago\/pinpads\/bp-50-plus\/#breadcrumb"},"inLanguage":"en-US","potentialAction":[{"@type":"ReadAction","target":["https:\/\/itos.es\/en\/tienda\/terminales-de-pago\/pinpads\/bp-50-plus\/"]}]},{"@type":"ImageObject","inLanguage":"en-US","@id":"https:\/\/itos.es\/en\/tienda\/terminales-de-pago\/pinpads\/bp-50-plus\/#primaryimage","url":"https:\/\/itos.es\/wp-content\/uploads\/2023\/09\/BP-50Plus_1-scaled.png","contentUrl":"https:\/\/itos.es\/wp-content\/uploads\/2023\/09\/BP-50Plus_1-scaled.png","width":2560,"height":1707},{"@type":"BreadcrumbList","@id":"https:\/\/itos.es\/en\/tienda\/terminales-de-pago\/pinpads\/bp-50-plus\/#breadcrumb","itemListElement":[{"@type":"ListItem","position":1,"name":"Portada","item":"https:\/\/itos.es\/en\/"},{"@type":"ListItem","position":2,"name":"Products","item":"https:\/\/itos.es\/en\/shop\/"},{"@type":"ListItem","position":3,"name":"BP-50Plus"}]},{"@type":"WebSite","@id":"https:\/\/itos.es\/en\/#website","url":"https:\/\/itos.es\/en\/","name":"ITOS Technology","description":"Pagos y AIDC","publisher":{"@id":"https:\/\/itos.es\/en\/#organization"},"potentialAction":[{"@type":"SearchAction","target":{"@type":"EntryPoint","urlTemplate":"https:\/\/itos.es\/en\/?s={search_term_string}"},"query-input":{"@type":"PropertyValueSpecification","valueRequired":true,"valueName":"search_term_string"}}],"inLanguage":"en-US"},{"@type":"Organization","@id":"https:\/\/itos.es\/en\/#organization","name":"Itos Technology, S.L.","url":"https:\/\/itos.es\/en\/","logo":{"@type":"ImageObject","inLanguage":"en-US","@id":"https:\/\/itos.es\/en\/#\/schema\/logo\/image\/","url":"https:\/\/itos.es\/wp-content\/uploads\/2023\/05\/AZUL_R.svg","contentUrl":"https:\/\/itos.es\/wp-content\/uploads\/2023\/05\/AZUL_R.svg","caption":"Itos Technology, S.L."},"image":{"@id":"https:\/\/itos.es\/en\/#\/schema\/logo\/image\/"},"sameAs":["https:\/\/x.com\/info_ITOS","https:\/\/es.linkedin.com\/company\/itos-technology-s.l."]}]}},"_links":{"self":[{"href":"https:\/\/itos.es\/en\/wp-json\/wp\/v2\/product\/19230","targetHints":{"allow":["GET"]}}],"collection":[{"href":"https:\/\/itos.es\/en\/wp-json\/wp\/v2\/product"}],"about":[{"href":"https:\/\/itos.es\/en\/wp-json\/wp\/v2\/types\/product"}],"replies":[{"embeddable":true,"href":"https:\/\/itos.es\/en\/wp-json\/wp\/v2\/comments?post=19230"}],"wp:featuredmedia":[{"embeddable":true,"href":"https:\/\/itos.es\/en\/wp-json\/wp\/v2\/media\/10538"}],"wp:attachment":[{"href":"https:\/\/itos.es\/en\/wp-json\/wp\/v2\/media?parent=19230"}],"wp:term":[{"taxonomy":"product_brand","embeddable":true,"href":"https:\/\/itos.es\/en\/wp-json\/wp\/v2\/product_brand?post=19230"},{"taxonomy":"product_cat","embeddable":true,"href":"https:\/\/itos.es\/en\/wp-json\/wp\/v2\/product_cat?post=19230"},{"taxonomy":"product_tag","embeddable":true,"href":"https:\/\/itos.es\/en\/wp-json\/wp\/v2\/product_tag?post=19230"}],"curies":[{"name":"wp","href":"https:\/\/api.w.org\/{rel}","templated":true}]}}